{"id":234,"date":"2025-02-22T19:13:20","date_gmt":"2025-02-22T18:13:20","guid":{"rendered":"https:\/\/blocks.localhost\/?page_id=234"},"modified":"2025-08-13T16:12:17","modified_gmt":"2025-08-13T14:12:17","slug":"marki","status":"publish","type":"page","link":"https:\/\/vetpure.eu\/de\/marki\/","title":{"rendered":"Marken"},"content":{"rendered":"<!-- Render in front -->\r\n\r\n    <section class=\"bg-secondary dark:bg-gray-900\">\r\n        <div class=\"relative grid lg:grid-cols-12 lg:gap-8 xl:gap-0 mx-auto max-w-screen-xl\">\r\n\r\n            <div class=\"mr-auto place-self-center lg:col-span-7 px-4 py-8 lg:py-30\">\r\n                <h1 class=\"[&#038;_strong]:text-primary [&#038;_b]:text-primary max-w-2xl mb-4 text-4xl font-extrabold tracking-tight leading-none md:text-5xl xl:text-6xl text-white dark:text-black\">\r\n                    Wir k\u00fcmmern uns jeden Tag um die Gesundheit der Tiere.                <\/h1>\r\n                                    <p class=\"max-w-2xl mb-6 font-light text-gray-400 lg:mb-8 md:text-lg lg:text-xl\">\r\n                        Wir entwickeln innovative Nahrungserg\u00e4nzungsmittel, die Natur und Wissenschaft vereinen, um die Gesundheit und Vitalit\u00e4t Ihres Haustieres zu unterst\u00fctzen.                    <\/p>\r\n                                            <\/div>\r\n\r\n                            <div class=\"hidden lg:flex absolute top-0 right-0 bottom-0\">\r\n                    <img decoding=\"async\" class=\"h-full w-auto\" src=\"https:\/\/vetpure.eu\/wp-content\/uploads\/2025\/03\/zdjecia-_2_.webp\" alt=\"pies z kotem\">\r\n                <\/div>\r\n            \r\n        <\/div>\r\n    <\/section>\r\n\r\n\n\n\r\n    <!-- Render in front -->\r\n\r\n    <section class=\"bg-white dark:bg-gray-900\">\r\n        <div class=\"items-center py-8 px-4 mx-auto max-w-screen-xl lg:grid xl:grid-cols-3 lg:gap-8 xl:gap-24 sm:py-16 lg:px-6\">\r\n\r\n            <div class=\"mb-8 lg:mb-0\">\r\n                <h2 class=\"mb-4 text-4xl tracking-tight font-extrabold text-gray-900 dark:text-white\">\r\n                    Warum ANIMALACTIN?<sup><span class=\"font-normal\">\u00ae <\/span><\/sup>?                <\/h2>\r\n                <p class=\"mb-4 text-gray-500 sm:text-xl dark:text-gray-400\">\r\n                    ANIMALACTIN Nahrungserg\u00e4nzungsmittel<sup>\u00ae <\/sup> Dieses einzigartige Produkt ist dank des patentierten Wirkstoffs MicroLactin\u00ae einzigartig auf dem Markt. Seine Wirksamkeit wurde durch zahlreiche klinische Studien best\u00e4tigt.                 <\/p>\r\n\r\n                               \r\n            <\/div>\r\n\r\n                        <div class=\"col-span-2 space-y-8 md:grid md:grid-cols-2 md:gap-12 md:space-y-0\">\r\n                                <div>\r\n                                            <div class=\"flex justify-center items-center mb-4 w-10 h-10 rounded-full bg-primary-100 lg:h-12 lg:w-12 dark:bg-primary-900\">\r\n                            <img decoding=\"async\" src=\"https:\/\/vetpure.eu\/wp-content\/uploads\/2025\/03\/Icon-Shapes-9.png\" alt=\"\" >\r\n                        <\/div>\r\n                                        <h3 class=\"mb-2 text-xl font-bold dark:text-white\">\r\n                        Nat\u00fcrliche Rezeptur                    <\/h3>\r\n                    <p class=\"text-gray-500 dark:text-gray-400\">\r\n                        Wir stellen Nahrungserg\u00e4nzungsmittel aus Zutaten h\u00f6chster Qualit\u00e4t her, ohne unn\u00f6tige Zusatzstoffe und k\u00fcnstliche Konservierungsmittel.                    <\/p>\r\n                <\/div>\r\n                                <div>\r\n                                            <div class=\"flex justify-center items-center mb-4 w-10 h-10 rounded-full bg-primary-100 lg:h-12 lg:w-12 dark:bg-primary-900\">\r\n                            <img decoding=\"async\" src=\"https:\/\/vetpure.eu\/wp-content\/uploads\/2025\/03\/Icon-Shapes-1-2.png\" alt=\"\" >\r\n                        <\/div>\r\n                                        <h3 class=\"mb-2 text-xl font-bold dark:text-white\">\r\n                        Expertenwissen                    <\/h3>\r\n                    <p class=\"text-gray-500 dark:text-gray-400\">\r\n                        Unsere Produkte werden in Zusammenarbeit mit Tier\u00e4rzten und Tierern\u00e4hrungswissenschaftlern entwickelt, um ihre Wirksamkeit und Sicherheit zu gew\u00e4hrleisten.                    <\/p>\r\n                <\/div>\r\n                                <div>\r\n                                            <div class=\"flex justify-center items-center mb-4 w-10 h-10 rounded-full bg-primary-100 lg:h-12 lg:w-12 dark:bg-primary-900\">\r\n                            <img decoding=\"async\" src=\"https:\/\/vetpure.eu\/wp-content\/uploads\/2025\/03\/Icon-Shapes-8.png\" alt=\"\" >\r\n                        <\/div>\r\n                                        <h3 class=\"mb-2 text-xl font-bold dark:text-white\">\r\n                        Vertrauen der Tierpfleger                    <\/h3>\r\n                    <p class=\"text-gray-500 dark:text-gray-400\">\r\n                        Vet Pure ist eine Marke, die von Tierhaltern und Veterin\u00e4rexperten empfohlen wird, die unseren innovativen Ansatz sch\u00e4tzen.                    <\/p>\r\n                <\/div>\r\n                                <div>\r\n                                            <div class=\"flex justify-center items-center mb-4 w-10 h-10 rounded-full bg-primary-100 lg:h-12 lg:w-12 dark:bg-primary-900\">\r\n                            <img decoding=\"async\" src=\"https:\/\/vetpure.eu\/wp-content\/uploads\/2025\/03\/Icon-Shapes-1-1.png\" alt=\"\" >\r\n                        <\/div>\r\n                                        <h3 class=\"mb-2 text-xl font-bold dark:text-white\">\r\n                        Verantwortungsvolle Produktion                    <\/h3>\r\n                    <p class=\"text-gray-500 dark:text-gray-400\">\r\n                        Wir schonen die Umwelt durch den Einsatz nachhaltiger Produktionsprozesse und umweltfreundlicher L\u00f6sungen, die unsere Auswirkungen auf den Planeten minimieren.                    <\/p>\r\n                <\/div>\r\n                                \r\n            <\/div>\r\n                    <\/div>\r\n    <\/section>\r\n\r\n\n\n\r\n    <!-- Render in front -->\r\n\r\n    <section class=\"bg-white dark:bg-gray-900\"\r\n    >\r\n\r\n        <div class=\"gap-16 items-center py-8 px-4 mx-auto max-w-screen-xl lg:flex lg:py-16 lg:px-6            flex-row-reverse\">\r\n\r\n            <div class=\"lg:w-1\/2 font-light text-gray-500 sm:text-lg dark:text-gray-400\">\r\n\r\n                <h2 class=\"mb-4 text-4xl tracking-tight font-extrabold text-gray-900 dark:text-white\">\r\n                    Was ist Mikrolaktin?<sup><span class=\"font-normal\">\u00ae <\/span><\/sup> Und welche Auswirkungen hat das?                <\/h2>\r\n                <div class=\"mb-4 format format-sm sm:format-base lg:format-lg format-blue dark:format-invert w-full max-w-none\">\r\n                    <p>Mikro-Laktin<sup>\u00ae <\/sup> MicroLactin ist ein nat\u00fcrliches Proteinkonzentrat aus Kuhmilch. Die Milch stammt von K\u00fchen aus Neuseeland, die seit Generationen von Umweltverschmutzungen isoliert gehalten werden, ohne Antibiotika, Hormone, Medikamente oder andere Chemikalien, und ausschlie\u00dflich mit nat\u00fcrlichem Gras gef\u00fcttert werden. Das Konzentrat wird in den USA hergestellt, wo MicroLactin produziert wird.<sup>\u00ae <\/sup> Das Produkt ist patentiert (Patentnr. 104-78-493). Es zeichnet sich durch einen niedrigen Laktose- und Fettgehalt bei gleichzeitig hoher Proteinkonzentration aus. Zudem enth\u00e4lt es hochkonzentrierte, nat\u00fcrliche Immunfaktoren, die auch in Kuhmilch vorkommen. Dank dieser Eigenschaften ist MicroLactin<sup>\u00ae <\/sup> Es besitzt eine breite und effektive entz\u00fcndungshemmende Wirkung und unterst\u00fctzt wirksam die Gesundheit von Gelenken, Muskeln und die allgemeine Immunit\u00e4t des Tierk\u00f6rpers.<\/p>\n                <\/div>\r\n               \r\n                \r\n            <\/div>\r\n            <div class=\"lg:w-1\/2\">\r\n                                    <img decoding=\"async\" class=\"w-full rounded-lg\" src=\"https:\/\/vetpure.eu\/wp-content\/uploads\/2025\/06\/3_opakowania.png\" alt=\"\">\r\n                            <\/div>\r\n        <\/div>\r\n    <\/section>\r\n\r\n\n\n\r\n    <!-- Render in front -->\r\n\r\n    <section class=\"bg-white dark:bg-gray-900\">\r\n        <div class=\"py-8 px-4 mx-auto max-w-screen-xl sm:py-16 lg:px-6\">\r\n            <h2 class=\"mb-6 lg:mb-8 text-3xl lg:text-4xl tracking-tight font-extrabold text-center text-gray-900 dark:text-white\">\r\n                H\u00e4ufig gestellte Fragen            <\/h2>\r\n\r\n            <p class=\"mb-4 text-center text-gray-500 sm:text-xl dark:text-gray-400\">\r\n                Hier finden Sie die am h\u00e4ufigsten gestellten Fragen zur Marke ANIMALACTIN.<sup>\u00ae <\/sup>!            <\/p>\r\n            \r\n                                    <div class=\"mx-auto max-w-screen-md\" x-data=\"Accordion({ opened: false })\">\r\n\r\n                <div \r\n                    class=\"text-lg\"\r\n                    :class=\"{'bg-white dark:bg-gray-900 text-gray-900 dark:text-white':  opened['1'] }\"\r\n                    x-on:click=\"toggle('1')\"\r\n                >\r\n                    <h2 >\r\n                        <button type=\"button\" class=\"flex justify-between items-center py-5 w-full font-medium text-left text-gray-900 bg-white border-b border-gray-200 dark:border-gray-700 dark:bg-gray-900 dark:text-white cursor-pointer\">\r\n                            <span>Was zeichnet ANIMALACTIN-Nahrungserg\u00e4nzungsmittel aus?<sup>\u00ae <\/sup> im Vergleich zu anderen auf dem Markt erh\u00e4ltlichen Nahrungserg\u00e4nzungsmitteln?<\/span>\r\n                            <svg  class=\"w-6 h-6 shrink-0\" :class=\"{'rotate-180': opened['1'] }\" fill=\"currentColor\" viewbox=\"0 0 20 20\" xmlns=\"http:\/\/www.w3.org\/2000\/svg\"><path fill-rule=\"evenodd\" d=\"M5.293 7.293a1 1 0 011.414 0L10 10.586l3.293-3.293a1 1 0 111.414 1.414l-4 4a1 1 0 01-1.414 0l-4-4a1 1 0 010-1.414z\" clip-rule=\"evenodd\"><\/path><\/svg>\r\n                        <\/button>\r\n                    <\/h2>\r\n                    <div x-show=\"opened['1']\" x-cloak x-collapse.duration.300ms class=\"py-5 border-b border-gray-200 dark:border-gray-700\">\r\n                        Unsere Nahrungserg\u00e4nzungsmittel zeichnen sich vor allem durch das Vorhandensein des Inhaltsstoffs MicroLactin aus.<sup>\u00ae <\/sup>, ANIMALACTIN\u00ae enth\u00e4lt einen patentierten Wirkstoff mit wissenschaftlich nachgewiesener Wirkung, der die Tiergesundheit in verschiedenen Bereichen unterst\u00fctzt.<sup>\u00ae <\/sup> Sie enthalten MicroLactin\u00ae, wodurch unsere Nahrungserg\u00e4nzungsmittel im Vergleich zu Konkurrenzprodukten besonders wirksam sind. Ein weiterer Vorteil ist das praktische und wohlschmeckende PALASURANCE-Pulver, das sich einfach mit Nahrung oder Wasser einnehmen l\u00e4sst.                    <\/div>\r\n                    \r\n                <\/div> \r\n            <\/div>     \r\n                      \r\n                        <div class=\"mx-auto max-w-screen-md\" x-data=\"Accordion({ opened: false })\">\r\n\r\n                <div \r\n                    class=\"text-lg\"\r\n                    :class=\"{'bg-white dark:bg-gray-900 text-gray-900 dark:text-white':  opened['2'] }\"\r\n                    x-on:click=\"toggle('2')\"\r\n                >\r\n                    <h2 >\r\n                        <button type=\"button\" class=\"flex justify-between items-center py-5 w-full font-medium text-left text-gray-900 bg-white border-b border-gray-200 dark:border-gray-700 dark:bg-gray-900 dark:text-white cursor-pointer\">\r\n                            <span>Wo kann ich ANIMALACTIN-Nahrungserg\u00e4nzungsmittel kaufen?<sup>\u00ae <\/sup>?<\/span>\r\n                            <svg  class=\"w-6 h-6 shrink-0\" :class=\"{'rotate-180': opened['2'] }\" fill=\"currentColor\" viewbox=\"0 0 20 20\" xmlns=\"http:\/\/www.w3.org\/2000\/svg\"><path fill-rule=\"evenodd\" d=\"M5.293 7.293a1 1 0 011.414 0L10 10.586l3.293-3.293a1 1 0 111.414 1.414l-4 4a1 1 0 01-1.414 0l-4-4a1 1 0 010-1.414z\" clip-rule=\"evenodd\"><\/path><\/svg>\r\n                        <\/button>\r\n                    <\/h2>\r\n                    <div x-show=\"opened['2']\" x-cloak x-collapse.duration.300ms class=\"py-5 border-b border-gray-200 dark:border-gray-700\">\r\n                        ANIMALACTIN Nahrungserg\u00e4nzungsmittel<sup>\u00ae <\/sup> sind in unserem offiziellen Online-Shop und auf Allegro erh\u00e4ltlich.                    <\/div>\r\n                    \r\n                <\/div> \r\n            <\/div>     \r\n                      \r\n                        <div class=\"mx-auto max-w-screen-md\" x-data=\"Accordion({ opened: false })\">\r\n\r\n                <div \r\n                    class=\"text-lg\"\r\n                    :class=\"{'bg-white dark:bg-gray-900 text-gray-900 dark:text-white':  opened['3'] }\"\r\n                    x-on:click=\"toggle('3')\"\r\n                >\r\n                    <h2 >\r\n                        <button type=\"button\" class=\"flex justify-between items-center py-5 w-full font-medium text-left text-gray-900 bg-white border-b border-gray-200 dark:border-gray-700 dark:bg-gray-900 dark:text-white cursor-pointer\">\r\n                            <span>Sind ANIMALACTIN-Nahrungserg\u00e4nzungsmittel<sup>\u00ae <\/sup> Werden Tierversuche durchgef\u00fchrt?<\/span>\r\n                            <svg  class=\"w-6 h-6 shrink-0\" :class=\"{'rotate-180': opened['3'] }\" fill=\"currentColor\" viewbox=\"0 0 20 20\" xmlns=\"http:\/\/www.w3.org\/2000\/svg\"><path fill-rule=\"evenodd\" d=\"M5.293 7.293a1 1 0 011.414 0L10 10.586l3.293-3.293a1 1 0 111.414 1.414l-4 4a1 1 0 01-1.414 0l-4-4a1 1 0 010-1.414z\" clip-rule=\"evenodd\"><\/path><\/svg>\r\n                        <\/button>\r\n                    <\/h2>\r\n                    <div x-show=\"opened['3']\" x-cloak x-collapse.duration.300ms class=\"py-5 border-b border-gray-200 dark:border-gray-700\">\r\n                        Nein, Vet Pure SA testet seine Produkte nicht an Tieren. Unsere Nahrungserg\u00e4nzungsmittel werden unter Ber\u00fccksichtigung des Tierschutzes entwickelt, und ihre Wirksamkeit und Sicherheit werden durch wissenschaftliche Forschung und Labortests best\u00e4tigt.                    <\/div>\r\n                    \r\n                <\/div> \r\n            <\/div>     \r\n                      \r\n                    <\/div>  \r\n    <\/section>","protected":false},"excerpt":{"rendered":"","protected":false},"author":1,"featured_media":0,"parent":0,"menu_order":0,"comment_status":"closed","ping_status":"closed","template":"","meta":{"_acf_changed":false,"footnotes":""},"class_list":["post-234","page","type-page","status-publish","hentry"],"acf":[],"yoast_head":"<!-- This site is optimized with the Yoast SEO plugin v23.5 - https:\/\/yoast.com\/wordpress\/plugins\/seo\/ -->\n<title>Marki Vet Pure - VETPURE<\/title>\n<meta name=\"description\" content=\"Dowiedz si\u0119 wi\u0119cej o produktach marki Vet Pure \u2013 stworzonych z my\u015bl\u0105 o zdrowiu i dobrej kondycji zwierz\u0105t, opartych na starannie dobranych sk\u0142adnikach.\" \/>\n<meta name=\"robots\" content=\"index, follow, max-snippet:-1, max-image-preview:large, max-video-preview:-1\" \/>\n<link rel=\"canonical\" href=\"https:\/\/vetpure.eu\/de\/marki\/\" \/>\n<meta property=\"og:locale\" content=\"de_DE\" \/>\n<meta property=\"og:type\" content=\"article\" \/>\n<meta property=\"og:title\" content=\"Marki Vet Pure - VETPURE\" \/>\n<meta property=\"og:description\" content=\"Dowiedz si\u0119 wi\u0119cej o produktach marki Vet Pure \u2013 stworzonych z my\u015bl\u0105 o zdrowiu i dobrej kondycji zwierz\u0105t, opartych na starannie dobranych sk\u0142adnikach.\" \/>\n<meta property=\"og:url\" content=\"https:\/\/vetpure.eu\/de\/marki\/\" \/>\n<meta property=\"og:site_name\" content=\"VETPURE\" \/>\n<meta property=\"article:modified_time\" content=\"2025-08-13T14:12:17+00:00\" \/>\n<meta name=\"twitter:card\" content=\"summary_large_image\" \/>\n<script type=\"application\/ld+json\" class=\"yoast-schema-graph\">{\"@context\":\"https:\/\/schema.org\",\"@graph\":[{\"@type\":\"WebPage\",\"@id\":\"https:\/\/vetpure.eu\/marki\/\",\"url\":\"https:\/\/vetpure.eu\/marki\/\",\"name\":\"Marki Vet Pure - VETPURE\",\"isPartOf\":{\"@id\":\"https:\/\/vetpure.eu\/#website\"},\"datePublished\":\"2025-02-22T18:13:20+00:00\",\"dateModified\":\"2025-08-13T14:12:17+00:00\",\"description\":\"Dowiedz si\u0119 wi\u0119cej o produktach marki Vet Pure \u2013 stworzonych z my\u015bl\u0105 o zdrowiu i dobrej kondycji zwierz\u0105t, opartych na starannie dobranych sk\u0142adnikach.\",\"breadcrumb\":{\"@id\":\"https:\/\/vetpure.eu\/marki\/#breadcrumb\"},\"inLanguage\":\"de\",\"potentialAction\":[{\"@type\":\"ReadAction\",\"target\":[\"https:\/\/vetpure.eu\/marki\/\"]}]},{\"@type\":\"BreadcrumbList\",\"@id\":\"https:\/\/vetpure.eu\/marki\/#breadcrumb\",\"itemListElement\":[{\"@type\":\"ListItem\",\"position\":1,\"name\":\"Home\",\"item\":\"https:\/\/vetpure.eu\/\"},{\"@type\":\"ListItem\",\"position\":2,\"name\":\"Marki\"}]},{\"@type\":\"WebSite\",\"@id\":\"https:\/\/vetpure.eu\/#website\",\"url\":\"https:\/\/vetpure.eu\/\",\"name\":\"VETPURE\",\"description\":\"\",\"potentialAction\":[{\"@type\":\"SearchAction\",\"target\":{\"@type\":\"EntryPoint\",\"urlTemplate\":\"https:\/\/vetpure.eu\/?s={search_term_string}\"},\"query-input\":{\"@type\":\"PropertyValueSpecification\",\"valueRequired\":true,\"valueName\":\"search_term_string\"}}],\"inLanguage\":\"de\"}]}<\/script>\n<!-- \/ Yoast SEO plugin. -->","yoast_head_json":{"title":"Marki Vet Pure - VETPURE","description":"Dowiedz si\u0119 wi\u0119cej o produktach marki Vet Pure \u2013 stworzonych z my\u015bl\u0105 o zdrowiu i dobrej kondycji zwierz\u0105t, opartych na starannie dobranych sk\u0142adnikach.","robots":{"index":"index","follow":"follow","max-snippet":"max-snippet:-1","max-image-preview":"max-image-preview:large","max-video-preview":"max-video-preview:-1"},"canonical":"https:\/\/vetpure.eu\/de\/marki\/","og_locale":"de_DE","og_type":"article","og_title":"Marki Vet Pure - VETPURE","og_description":"Dowiedz si\u0119 wi\u0119cej o produktach marki Vet Pure \u2013 stworzonych z my\u015bl\u0105 o zdrowiu i dobrej kondycji zwierz\u0105t, opartych na starannie dobranych sk\u0142adnikach.","og_url":"https:\/\/vetpure.eu\/de\/marki\/","og_site_name":"VETPURE","article_modified_time":"2025-08-13T14:12:17+00:00","twitter_card":"summary_large_image","schema":{"@context":"https:\/\/schema.org","@graph":[{"@type":"WebPage","@id":"https:\/\/vetpure.eu\/marki\/","url":"https:\/\/vetpure.eu\/marki\/","name":"Marki Vet Pure - VETPURE","isPartOf":{"@id":"https:\/\/vetpure.eu\/#website"},"datePublished":"2025-02-22T18:13:20+00:00","dateModified":"2025-08-13T14:12:17+00:00","description":"Dowiedz si\u0119 wi\u0119cej o produktach marki Vet Pure \u2013 stworzonych z my\u015bl\u0105 o zdrowiu i dobrej kondycji zwierz\u0105t, opartych na starannie dobranych sk\u0142adnikach.","breadcrumb":{"@id":"https:\/\/vetpure.eu\/marki\/#breadcrumb"},"inLanguage":"de","potentialAction":[{"@type":"ReadAction","target":["https:\/\/vetpure.eu\/marki\/"]}]},{"@type":"BreadcrumbList","@id":"https:\/\/vetpure.eu\/marki\/#breadcrumb","itemListElement":[{"@type":"ListItem","position":1,"name":"Home","item":"https:\/\/vetpure.eu\/"},{"@type":"ListItem","position":2,"name":"Marki"}]},{"@type":"WebSite","@id":"https:\/\/vetpure.eu\/#website","url":"https:\/\/vetpure.eu\/","name":"VETPURE","description":"","potentialAction":[{"@type":"SearchAction","target":{"@type":"EntryPoint","urlTemplate":"https:\/\/vetpure.eu\/?s={search_term_string}"},"query-input":{"@type":"PropertyValueSpecification","valueRequired":true,"valueName":"search_term_string"}}],"inLanguage":"de"}]}},"_links":{"self":[{"href":"https:\/\/vetpure.eu\/de\/wp-json\/wp\/v2\/pages\/234"}],"collection":[{"href":"https:\/\/vetpure.eu\/de\/wp-json\/wp\/v2\/pages"}],"about":[{"href":"https:\/\/vetpure.eu\/de\/wp-json\/wp\/v2\/types\/page"}],"author":[{"embeddable":true,"href":"https:\/\/vetpure.eu\/de\/wp-json\/wp\/v2\/users\/1"}],"replies":[{"embeddable":true,"href":"https:\/\/vetpure.eu\/de\/wp-json\/wp\/v2\/comments?post=234"}],"version-history":[{"count":21,"href":"https:\/\/vetpure.eu\/de\/wp-json\/wp\/v2\/pages\/234\/revisions"}],"predecessor-version":[{"id":813,"href":"https:\/\/vetpure.eu\/de\/wp-json\/wp\/v2\/pages\/234\/revisions\/813"}],"wp:attachment":[{"href":"https:\/\/vetpure.eu\/de\/wp-json\/wp\/v2\/media?parent=234"}],"curies":[{"name":"wp","href":"https:\/\/api.w.org\/{rel}","templated":true}]}}