{"id":534,"date":"2025-03-05T17:59:44","date_gmt":"2025-03-05T16:59:44","guid":{"rendered":"https:\/\/vetpure.localhost\/?page_id=534"},"modified":"2025-06-05T11:02:00","modified_gmt":"2025-06-05T09:02:00","slug":"logowanie","status":"publish","type":"page","link":"https:\/\/vetpure.eu\/de\/logowanie\/","title":{"rendered":"Logowanie"},"content":{"rendered":"<!-- Render in front -->\r\n\r\n    <section class=\"bg-white dark:bg-gray-900\">\r\n\r\n      <div \r\n        class=\"bg-no-repeat bg-cover bg-center bg-black\/10 bg-blend-multiply\"\r\n        style=\"background-image: url('https:\/\/vetpure.eu\/wp-content\/uploads\/2025\/03\/Frame-4.webp')\"\r\n      >\r\n          <div class=\"px-4 lg:pt-24 pt-8 pb-72 lg:pb-80 mx-auto max-w-screen-sm text-center lg:px-6\">\r\n              <h2 class=\"mb-4 text-4xl tracking-tight font-extrabold text-white\">\r\n                Melden Sie sich im Investorenbereich an              <\/h2>\r\n                        <\/div> \r\n      <\/div>\r\n    <\/section>\r\n\r\n\n\n\n<div class=\"wp-block-group -mt-64\"><div class=\"wp-block-group__inner-container is-layout-constrained wp-block-group-is-layout-constrained\">\r\n\r\n    <!-- Render in front -->\r\n\r\n    <div class=\"flex flex-col items-center justify-center px-6 py-8 mx-auto max-w-screen-md lg:py-0\">\r\n\r\n        <div class=\"w-full bg-white rounded-lg shadow dark:border md:mt-0 sm:max-w-md xl:p-0 dark:bg-gray-800 dark:border-gray-700\">\r\n            <div class=\"p-6 space-y-4 md:space-y-6 sm:p-8\">\r\n\r\n                <div class=\"mb-8\">\r\n                    <div class=\"text-xl font-bold leading-tight tracking-tight text-gray-900 md:text-2xl dark:text-white\">Benutzeranmeldung<\/div>\r\n                <\/div>\r\n\r\n                                \r\n                                \r\n                <form\r\n                    class=\"form space-y-4 md:space-y-6\"\r\n                    x-data=\"FormValidator()\"\r\n                    method=\"POST\"\r\n                    action=\"https:\/\/vetpure.eu\/wp-admin\/admin-post.php\"\r\n                >\r\n\r\n                    <input type=\"hidden\" name=\"redirect_to\" value=\"https:\/\/vetpure.eu\/de\">\r\n                    <input type=\"hidden\" name=\"action\" value=\"login_submit\">\r\n\r\n                    <div class=\"form__field\">\r\n                        <label for=\"email\" class=\"block mb-2 text-sm font-medium text-gray-900 dark:text-white\">E-Mail-Adresse<\/label>\r\n                        <input type=\"email\" name=\"email\" id=\"email\" class=\"bg-gray-50 border border-gray-300 text-gray-900 rounded-lg focus:ring-primary-600 focus:border-primary-600 block w-full p-2.5 dark:bg-gray-700 dark:border-gray-600 dark:placeholder-gray-400 dark:text-white dark:focus:ring-blue-500 dark:focus:border-blue-500\"\r\n                            placeholder=\"\"\r\n                            required\r\n data-pristine-required-message=\"Pole wymagane\"\r\n                            data-pristine-email-message=\"Adres e-mail jest niepoprawny\"\r\n                        >\r\n                    <\/div>\r\n\r\n                    <div class=\"form__field\">\r\n                        <label for=\"password\" class=\"block mb-2 text-sm font-medium text-gray-900 dark:text-white\">Zugangspasswort<\/label>\r\n                        <input type=\"password\" name=\"password\" id=\"password\" class=\"bg-gray-50 border border-gray-300 text-gray-900 rounded-lg focus:ring-primary-600 focus:border-primary-600 block w-full p-2.5 dark:bg-gray-700 dark:border-gray-600 dark:placeholder-gray-400 dark:text-white dark:focus:ring-blue-500 dark:focus:border-blue-500\"\r\n                            placeholder=\"\"\r\n                            required\r\n data-pristine-required-message=\"Pole wymagane\">\r\n                    <\/div>\r\n\r\n                    <div class=\"form__field sm:col-span-2\">\r\n                        <div class=\"form__field__checkbox\">\r\n                            <input class=\"flex-none custom-checkbox\" type=\"checkbox\" value=\"check\" name=\"check\" id=\"check\" required=\"\" data-pristine-required-message=\"Wymagana jest zgoda\">\r\n                            <label class=\"ml-2 mt-4 text-sm text-gray-500 text-with-links\" for=\"check\">\r\n                                <p>Ich erkl\u00e4re hiermit, dass ich die Allgemeinen Gesch\u00e4ftsbedingungen und die Datenschutzerkl\u00e4rung gelesen habe und deren Bestimmungen akzeptiere. Mir wurde mitgeteilt, dass Einzelheiten zur Verarbeitung meiner personenbezogenen Daten in der Datenschutzerkl\u00e4rung zu finden sind.&nbsp;<a href=\"\/wp-content\/uploads\/2025\/05\/250507_Regulamin-strony_vetpure.eu_.pdf\">Vorschriften<\/a> i&nbsp;<a href=\"\/wp-content\/uploads\/2025\/05\/202505_vetpure.eu_privacy-policy.pdf\">Datenschutzrichtlinie.<\/a><\/p>\n                            <\/label>\r\n                        <\/div>\r\n                    <\/div>\r\n\r\n                    <div class=\"flex items-center justify-between\">\r\n                        <button type=\"button\" @click=\"submit()\" class=\"py-3 px-5 text-sm font-medium text-center text-white rounded-lg bg-primary-700 sm:w-fit hover:bg-primary-800 focus:ring-4 focus:outline-none focus:ring-primary-300 dark:bg-primary-600 dark:hover:bg-primary-700 dark:focus:ring-primary-800 cursor-pointer\">Einloggen<\/button>\r\n                        <a href=\"https:\/\/vetpure.eu\/de\/reset-hasla\" class=\"text-sm font-medium text-primary hover:underline dark:text-primary-500\">Passwort vergessen?<\/a>\r\n                    <\/div>\r\n\r\n                <\/form>\r\n            <\/div>\r\n        <\/div>\r\n    <\/div>\r\n\r\n<\/div><\/div>\n\n\n\n<p><\/p>","protected":false},"excerpt":{"rendered":"","protected":false},"author":1,"featured_media":0,"parent":0,"menu_order":0,"comment_status":"closed","ping_status":"closed","template":"","meta":{"_acf_changed":false,"footnotes":""},"class_list":["post-534","page","type-page","status-publish","hentry"],"acf":[],"yoast_head":"<!-- This site is optimized with the Yoast SEO plugin v23.5 - https:\/\/yoast.com\/wordpress\/plugins\/seo\/ -->\n<title>Logowanie - VETPURE<\/title>\n<meta name=\"robots\" content=\"index, follow, max-snippet:-1, max-image-preview:large, max-video-preview:-1\" \/>\n<link rel=\"canonical\" href=\"https:\/\/vetpure.eu\/de\/logowanie\/\" \/>\n<meta property=\"og:locale\" content=\"de_DE\" \/>\n<meta property=\"og:type\" content=\"article\" \/>\n<meta property=\"og:title\" content=\"Logowanie - VETPURE\" \/>\n<meta property=\"og:url\" content=\"https:\/\/vetpure.eu\/de\/logowanie\/\" \/>\n<meta property=\"og:site_name\" content=\"VETPURE\" \/>\n<meta property=\"article:modified_time\" content=\"2025-06-05T09:02:00+00:00\" \/>\n<meta name=\"twitter:card\" content=\"summary_large_image\" \/>\n<script type=\"application\/ld+json\" class=\"yoast-schema-graph\">{\"@context\":\"https:\/\/schema.org\",\"@graph\":[{\"@type\":\"WebPage\",\"@id\":\"https:\/\/vetpure.eu\/logowanie\/\",\"url\":\"https:\/\/vetpure.eu\/logowanie\/\",\"name\":\"Logowanie - VETPURE\",\"isPartOf\":{\"@id\":\"https:\/\/vetpure.eu\/#website\"},\"datePublished\":\"2025-03-05T16:59:44+00:00\",\"dateModified\":\"2025-06-05T09:02:00+00:00\",\"breadcrumb\":{\"@id\":\"https:\/\/vetpure.eu\/logowanie\/#breadcrumb\"},\"inLanguage\":\"de\",\"potentialAction\":[{\"@type\":\"ReadAction\",\"target\":[\"https:\/\/vetpure.eu\/logowanie\/\"]}]},{\"@type\":\"BreadcrumbList\",\"@id\":\"https:\/\/vetpure.eu\/logowanie\/#breadcrumb\",\"itemListElement\":[{\"@type\":\"ListItem\",\"position\":1,\"name\":\"Home\",\"item\":\"https:\/\/vetpure.eu\/\"},{\"@type\":\"ListItem\",\"position\":2,\"name\":\"Logowanie\"}]},{\"@type\":\"WebSite\",\"@id\":\"https:\/\/vetpure.eu\/#website\",\"url\":\"https:\/\/vetpure.eu\/\",\"name\":\"VETPURE\",\"description\":\"\",\"potentialAction\":[{\"@type\":\"SearchAction\",\"target\":{\"@type\":\"EntryPoint\",\"urlTemplate\":\"https:\/\/vetpure.eu\/?s={search_term_string}\"},\"query-input\":{\"@type\":\"PropertyValueSpecification\",\"valueRequired\":true,\"valueName\":\"search_term_string\"}}],\"inLanguage\":\"de\"}]}<\/script>\n<!-- \/ Yoast SEO plugin. -->","yoast_head_json":{"title":"Logowanie - VETPURE","robots":{"index":"index","follow":"follow","max-snippet":"max-snippet:-1","max-image-preview":"max-image-preview:large","max-video-preview":"max-video-preview:-1"},"canonical":"https:\/\/vetpure.eu\/de\/logowanie\/","og_locale":"de_DE","og_type":"article","og_title":"Logowanie - VETPURE","og_url":"https:\/\/vetpure.eu\/de\/logowanie\/","og_site_name":"VETPURE","article_modified_time":"2025-06-05T09:02:00+00:00","twitter_card":"summary_large_image","schema":{"@context":"https:\/\/schema.org","@graph":[{"@type":"WebPage","@id":"https:\/\/vetpure.eu\/logowanie\/","url":"https:\/\/vetpure.eu\/logowanie\/","name":"Logowanie - VETPURE","isPartOf":{"@id":"https:\/\/vetpure.eu\/#website"},"datePublished":"2025-03-05T16:59:44+00:00","dateModified":"2025-06-05T09:02:00+00:00","breadcrumb":{"@id":"https:\/\/vetpure.eu\/logowanie\/#breadcrumb"},"inLanguage":"de","potentialAction":[{"@type":"ReadAction","target":["https:\/\/vetpure.eu\/logowanie\/"]}]},{"@type":"BreadcrumbList","@id":"https:\/\/vetpure.eu\/logowanie\/#breadcrumb","itemListElement":[{"@type":"ListItem","position":1,"name":"Home","item":"https:\/\/vetpure.eu\/"},{"@type":"ListItem","position":2,"name":"Logowanie"}]},{"@type":"WebSite","@id":"https:\/\/vetpure.eu\/#website","url":"https:\/\/vetpure.eu\/","name":"VETPURE","description":"","potentialAction":[{"@type":"SearchAction","target":{"@type":"EntryPoint","urlTemplate":"https:\/\/vetpure.eu\/?s={search_term_string}"},"query-input":{"@type":"PropertyValueSpecification","valueRequired":true,"valueName":"search_term_string"}}],"inLanguage":"de"}]}},"_links":{"self":[{"href":"https:\/\/vetpure.eu\/de\/wp-json\/wp\/v2\/pages\/534"}],"collection":[{"href":"https:\/\/vetpure.eu\/de\/wp-json\/wp\/v2\/pages"}],"about":[{"href":"https:\/\/vetpure.eu\/de\/wp-json\/wp\/v2\/types\/page"}],"author":[{"embeddable":true,"href":"https:\/\/vetpure.eu\/de\/wp-json\/wp\/v2\/users\/1"}],"replies":[{"embeddable":true,"href":"https:\/\/vetpure.eu\/de\/wp-json\/wp\/v2\/comments?post=534"}],"version-history":[{"count":9,"href":"https:\/\/vetpure.eu\/de\/wp-json\/wp\/v2\/pages\/534\/revisions"}],"predecessor-version":[{"id":747,"href":"https:\/\/vetpure.eu\/de\/wp-json\/wp\/v2\/pages\/534\/revisions\/747"}],"wp:attachment":[{"href":"https:\/\/vetpure.eu\/de\/wp-json\/wp\/v2\/media?parent=534"}],"curies":[{"name":"wp","href":"https:\/\/api.w.org\/{rel}","templated":true}]}}