{"id":234,"date":"2025-02-22T19:13:20","date_gmt":"2025-02-22T18:13:20","guid":{"rendered":"https:\/\/blocks.localhost\/?page_id=234"},"modified":"2025-08-13T16:12:17","modified_gmt":"2025-08-13T14:12:17","slug":"marki","status":"publish","type":"page","link":"https:\/\/vetpure.eu\/es\/marki\/","title":{"rendered":"Marcas"},"content":{"rendered":"<!-- Render in front -->\r\n\r\n    <section class=\"bg-secondary dark:bg-gray-900\">\r\n        <div class=\"relative grid lg:grid-cols-12 lg:gap-8 xl:gap-0 mx-auto max-w-screen-xl\">\r\n\r\n            <div class=\"mr-auto place-self-center lg:col-span-7 px-4 py-8 lg:py-30\">\r\n                <h1 class=\"[&#038;_strong]:text-primary [&#038;_b]:text-primary max-w-2xl mb-4 text-4xl font-extrabold tracking-tight leading-none md:text-5xl xl:text-6xl text-white dark:text-black\">\r\n                    Nos preocupamos por la salud animal todos los d\u00edas                <\/h1>\r\n                                    <p class=\"max-w-2xl mb-6 font-light text-gray-400 lg:mb-8 md:text-lg lg:text-xl\">\r\n                        Creamos suplementos innovadores que combinan naturaleza y ciencia para apoyar la salud y vitalidad de su mascota.                    <\/p>\r\n                                            <\/div>\r\n\r\n                            <div class=\"hidden lg:flex absolute top-0 right-0 bottom-0\">\r\n                    <img decoding=\"async\" class=\"h-full w-auto\" src=\"https:\/\/vetpure.eu\/wp-content\/uploads\/2025\/03\/zdjecia-_2_.webp\" alt=\"pies z kotem\">\r\n                <\/div>\r\n            \r\n        <\/div>\r\n    <\/section>\r\n\r\n\n\n\r\n    <!-- Render in front -->\r\n\r\n    <section class=\"bg-white dark:bg-gray-900\">\r\n        <div class=\"items-center py-8 px-4 mx-auto max-w-screen-xl lg:grid xl:grid-cols-3 lg:gap-8 xl:gap-24 sm:py-16 lg:px-6\">\r\n\r\n            <div class=\"mb-8 lg:mb-0\">\r\n                <h2 class=\"mb-4 text-4xl tracking-tight font-extrabold text-gray-900 dark:text-white\">\r\n                    \u00bfPor qu\u00e9 elegir los suplementos ANIMALACTIN?<sup><span class=\"font-normal\">\u00ae <\/span><\/sup>?                <\/h2>\r\n                <p class=\"mb-4 text-gray-500 sm:text-xl dark:text-gray-400\">\r\n                    Suplementos de ANIMALACTIN<sup>\u00ae <\/sup> Este producto \u00fanico es \u00fanico en el mercado gracias al ingrediente activo patentado MicroLactin\u00ae. Su eficacia ha sido confirmada por numerosos estudios cl\u00ednicos.                 <\/p>\r\n\r\n                               \r\n            <\/div>\r\n\r\n                        <div class=\"col-span-2 space-y-8 md:grid md:grid-cols-2 md:gap-12 md:space-y-0\">\r\n                                <div>\r\n                                            <div class=\"flex justify-center items-center mb-4 w-10 h-10 rounded-full bg-primary-100 lg:h-12 lg:w-12 dark:bg-primary-900\">\r\n                            <img decoding=\"async\" src=\"https:\/\/vetpure.eu\/wp-content\/uploads\/2025\/03\/Icon-Shapes-9.png\" alt=\"\" >\r\n                        <\/div>\r\n                                        <h3 class=\"mb-2 text-xl font-bold dark:text-white\">\r\n                        Receta natural                    <\/h3>\r\n                    <p class=\"text-gray-500 dark:text-gray-400\">\r\n                        Creamos suplementos basados en ingredientes de la m\u00e1s alta calidad, sin aditivos innecesarios ni conservantes artificiales.                    <\/p>\r\n                <\/div>\r\n                                <div>\r\n                                            <div class=\"flex justify-center items-center mb-4 w-10 h-10 rounded-full bg-primary-100 lg:h-12 lg:w-12 dark:bg-primary-900\">\r\n                            <img decoding=\"async\" src=\"https:\/\/vetpure.eu\/wp-content\/uploads\/2025\/03\/Icon-Shapes-1-2.png\" alt=\"\" >\r\n                        <\/div>\r\n                                        <h3 class=\"mb-2 text-xl font-bold dark:text-white\">\r\n                        Conocimiento experto                    <\/h3>\r\n                    <p class=\"text-gray-500 dark:text-gray-400\">\r\n                        Nuestros productos se desarrollan en colaboraci\u00f3n con veterinarios y nutricionistas animales, garantizando su eficacia y seguridad.                    <\/p>\r\n                <\/div>\r\n                                <div>\r\n                                            <div class=\"flex justify-center items-center mb-4 w-10 h-10 rounded-full bg-primary-100 lg:h-12 lg:w-12 dark:bg-primary-900\">\r\n                            <img decoding=\"async\" src=\"https:\/\/vetpure.eu\/wp-content\/uploads\/2025\/03\/Icon-Shapes-8.png\" alt=\"\" >\r\n                        <\/div>\r\n                                        <h3 class=\"mb-2 text-xl font-bold dark:text-white\">\r\n                        Confianza de los cuidadores de animales                    <\/h3>\r\n                    <p class=\"text-gray-500 dark:text-gray-400\">\r\n                        Vet Pure es una marca recomendada por due\u00f1os de mascotas y expertos veterinarios que valoran nuestro enfoque innovador.                    <\/p>\r\n                <\/div>\r\n                                <div>\r\n                                            <div class=\"flex justify-center items-center mb-4 w-10 h-10 rounded-full bg-primary-100 lg:h-12 lg:w-12 dark:bg-primary-900\">\r\n                            <img decoding=\"async\" src=\"https:\/\/vetpure.eu\/wp-content\/uploads\/2025\/03\/Icon-Shapes-1-1.png\" alt=\"\" >\r\n                        <\/div>\r\n                                        <h3 class=\"mb-2 text-xl font-bold dark:text-white\">\r\n                        Producci\u00f3n responsable                    <\/h3>\r\n                    <p class=\"text-gray-500 dark:text-gray-400\">\r\n                        Cuidamos el medio ambiente utilizando procesos de producci\u00f3n sostenibles y soluciones ecol\u00f3gicas que minimizan nuestro impacto en el planeta.                    <\/p>\r\n                <\/div>\r\n                                \r\n            <\/div>\r\n                    <\/div>\r\n    <\/section>\r\n\r\n\n\n\r\n    <!-- Render in front -->\r\n\r\n    <section class=\"bg-white dark:bg-gray-900\"\r\n    >\r\n\r\n        <div class=\"gap-16 items-center py-8 px-4 mx-auto max-w-screen-xl lg:flex lg:py-16 lg:px-6            flex-row-reverse\">\r\n\r\n            <div class=\"lg:w-1\/2 font-light text-gray-500 sm:text-lg dark:text-gray-400\">\r\n\r\n                <h2 class=\"mb-4 text-4xl tracking-tight font-extrabold text-gray-900 dark:text-white\">\r\n                    \u00bfQu\u00e9 es MicroLactin?<sup><span class=\"font-normal\">\u00ae <\/span><\/sup> \u00bfY qu\u00e9 efecto tiene?                <\/h2>\r\n                <div class=\"mb-4 format format-sm sm:format-base lg:format-lg format-blue dark:format-invert w-full max-w-none\">\r\n                    <p>MicroLactina<sup>\u00ae <\/sup> Es un concentrado de prote\u00edna natural elaborado con leche de vaca. Este ingrediente proviene de vacas criadas en Nueva Zelanda, aisladas durante generaciones de todos los contaminantes ambientales, sin el uso de antibi\u00f3ticos, hormonas, medicamentos ni otros productos qu\u00edmicos, y alimentadas exclusivamente con pasto natural. El concentrado se produce en Estados Unidos, donde MicroLactin...<sup>\u00ae <\/sup> Ha sido patentado (patente n.\u00b0 104-78-493). El producto se caracteriza por su bajo contenido en lactosa y grasa, a la vez que presenta una alta concentraci\u00f3n de prote\u00ednas. Adem\u00e1s, contiene una alta concentraci\u00f3n de factores inmunol\u00f3gicos naturales presentes en la leche de vaca. Gracias a estas propiedades, MicroLactin...<sup>\u00ae <\/sup> Tiene un efecto antiinflamatorio amplio y eficaz, apoyando eficazmente la salud de las articulaciones, los m\u00fasculos y la inmunidad general del cuerpo del animal.<\/p>\n                <\/div>\r\n               \r\n                \r\n            <\/div>\r\n            <div class=\"lg:w-1\/2\">\r\n                                    <img decoding=\"async\" class=\"w-full rounded-lg\" src=\"https:\/\/vetpure.eu\/wp-content\/uploads\/2025\/06\/3_opakowania.png\" alt=\"\">\r\n                            <\/div>\r\n        <\/div>\r\n    <\/section>\r\n\r\n\n\n\r\n    <!-- Render in front -->\r\n\r\n    <section class=\"bg-white dark:bg-gray-900\">\r\n        <div class=\"py-8 px-4 mx-auto max-w-screen-xl sm:py-16 lg:px-6\">\r\n            <h2 class=\"mb-6 lg:mb-8 text-3xl lg:text-4xl tracking-tight font-extrabold text-center text-gray-900 dark:text-white\">\r\n                Preguntas frecuentes            <\/h2>\r\n\r\n            <p class=\"mb-4 text-center text-gray-500 sm:text-xl dark:text-gray-400\">\r\n                Consulta las preguntas m\u00e1s frecuentes sobre la marca ANIMALACTIN<sup>\u00ae <\/sup>!            <\/p>\r\n            \r\n                                    <div class=\"mx-auto max-w-screen-md\" x-data=\"Accordion({ opened: false })\">\r\n\r\n                <div \r\n                    class=\"text-lg\"\r\n                    :class=\"{'bg-white dark:bg-gray-900 text-gray-900 dark:text-white':  opened['1'] }\"\r\n                    x-on:click=\"toggle('1')\"\r\n                >\r\n                    <h2 >\r\n                        <button type=\"button\" class=\"flex justify-between items-center py-5 w-full font-medium text-left text-gray-900 bg-white border-b border-gray-200 dark:border-gray-700 dark:bg-gray-900 dark:text-white cursor-pointer\">\r\n                            <span>\u00bfQu\u00e9 hace que los suplementos ANIMALACTIN se destaquen?<sup>\u00ae <\/sup> \u00bfDe otros suplementos disponibles en el mercado?<\/span>\r\n                            <svg  class=\"w-6 h-6 shrink-0\" :class=\"{'rotate-180': opened['1'] }\" fill=\"currentColor\" viewbox=\"0 0 20 20\" xmlns=\"http:\/\/www.w3.org\/2000\/svg\"><path fill-rule=\"evenodd\" d=\"M5.293 7.293a1 1 0 011.414 0L10 10.586l3.293-3.293a1 1 0 111.414 1.414l-4 4a1 1 0 01-1.414 0l-4-4a1 1 0 010-1.414z\" clip-rule=\"evenodd\"><\/path><\/svg>\r\n                        <\/button>\r\n                    <\/h2>\r\n                    <div x-show=\"opened['1']\" x-cloak x-collapse.duration.300ms class=\"py-5 border-b border-gray-200 dark:border-gray-700\">\r\n                        Nuestros suplementos se distinguen principalmente por la presencia del ingrediente MicroLactin.<sup>\u00ae <\/sup>, un principio activo patentado con efectos cient\u00edficamente probados que favorece la salud animal en diversas \u00e1reas. Todos los productos ANIMALACTIN<sup>\u00ae <\/sup> Contienen MicroLactin\u00ae, lo que hace que nuestros suplementos sean excepcionalmente eficaces en comparaci\u00f3n con la competencia. Una ventaja adicional es el pr\u00e1ctico y sabroso polvo PALASURANCE, que se puede administrar f\u00e1cilmente con comida o agua.                    <\/div>\r\n                    \r\n                <\/div> \r\n            <\/div>     \r\n                      \r\n                        <div class=\"mx-auto max-w-screen-md\" x-data=\"Accordion({ opened: false })\">\r\n\r\n                <div \r\n                    class=\"text-lg\"\r\n                    :class=\"{'bg-white dark:bg-gray-900 text-gray-900 dark:text-white':  opened['2'] }\"\r\n                    x-on:click=\"toggle('2')\"\r\n                >\r\n                    <h2 >\r\n                        <button type=\"button\" class=\"flex justify-between items-center py-5 w-full font-medium text-left text-gray-900 bg-white border-b border-gray-200 dark:border-gray-700 dark:bg-gray-900 dark:text-white cursor-pointer\">\r\n                            <span>\u00bfD\u00f3nde puedo comprar suplementos de ANIMALACTIN?<sup>\u00ae <\/sup>?<\/span>\r\n                            <svg  class=\"w-6 h-6 shrink-0\" :class=\"{'rotate-180': opened['2'] }\" fill=\"currentColor\" viewbox=\"0 0 20 20\" xmlns=\"http:\/\/www.w3.org\/2000\/svg\"><path fill-rule=\"evenodd\" d=\"M5.293 7.293a1 1 0 011.414 0L10 10.586l3.293-3.293a1 1 0 111.414 1.414l-4 4a1 1 0 01-1.414 0l-4-4a1 1 0 010-1.414z\" clip-rule=\"evenodd\"><\/path><\/svg>\r\n                        <\/button>\r\n                    <\/h2>\r\n                    <div x-show=\"opened['2']\" x-cloak x-collapse.duration.300ms class=\"py-5 border-b border-gray-200 dark:border-gray-700\">\r\n                        Suplementos de ANIMALACTIN<sup>\u00ae <\/sup> Est\u00e1n disponibles en nuestra tienda oficial online y en Allegro.                    <\/div>\r\n                    \r\n                <\/div> \r\n            <\/div>     \r\n                      \r\n                        <div class=\"mx-auto max-w-screen-md\" x-data=\"Accordion({ opened: false })\">\r\n\r\n                <div \r\n                    class=\"text-lg\"\r\n                    :class=\"{'bg-white dark:bg-gray-900 text-gray-900 dark:text-white':  opened['3'] }\"\r\n                    x-on:click=\"toggle('3')\"\r\n                >\r\n                    <h2 >\r\n                        <button type=\"button\" class=\"flex justify-between items-center py-5 w-full font-medium text-left text-gray-900 bg-white border-b border-gray-200 dark:border-gray-700 dark:bg-gray-900 dark:text-white cursor-pointer\">\r\n                            <span>\u00bfSon suplementos de ANIMALACTIN?<sup>\u00ae <\/sup> \u00bfEst\u00e1n probados en animales?<\/span>\r\n                            <svg  class=\"w-6 h-6 shrink-0\" :class=\"{'rotate-180': opened['3'] }\" fill=\"currentColor\" viewbox=\"0 0 20 20\" xmlns=\"http:\/\/www.w3.org\/2000\/svg\"><path fill-rule=\"evenodd\" d=\"M5.293 7.293a1 1 0 011.414 0L10 10.586l3.293-3.293a1 1 0 111.414 1.414l-4 4a1 1 0 01-1.414 0l-4-4a1 1 0 010-1.414z\" clip-rule=\"evenodd\"><\/path><\/svg>\r\n                        <\/button>\r\n                    <\/h2>\r\n                    <div x-show=\"opened['3']\" x-cloak x-collapse.duration.300ms class=\"py-5 border-b border-gray-200 dark:border-gray-700\">\r\n                        No, Vet Pure SA no prueba sus productos en animales. Nuestros suplementos se desarrollan teniendo en cuenta el bienestar animal, y su eficacia y seguridad est\u00e1n confirmadas por investigaciones cient\u00edficas y pruebas de laboratorio.                    <\/div>\r\n                    \r\n                <\/div> \r\n            <\/div>     \r\n                      \r\n                    <\/div>  \r\n    <\/section>","protected":false},"excerpt":{"rendered":"","protected":false},"author":1,"featured_media":0,"parent":0,"menu_order":0,"comment_status":"closed","ping_status":"closed","template":"","meta":{"_acf_changed":false,"footnotes":""},"class_list":["post-234","page","type-page","status-publish","hentry"],"acf":[],"yoast_head":"<!-- This site is optimized with the Yoast SEO plugin v23.5 - https:\/\/yoast.com\/wordpress\/plugins\/seo\/ -->\n<title>Marki Vet Pure - VETPURE<\/title>\n<meta name=\"description\" content=\"Dowiedz si\u0119 wi\u0119cej o produktach marki Vet Pure \u2013 stworzonych z my\u015bl\u0105 o zdrowiu i dobrej kondycji zwierz\u0105t, opartych na starannie dobranych sk\u0142adnikach.\" \/>\n<meta name=\"robots\" content=\"index, follow, max-snippet:-1, max-image-preview:large, max-video-preview:-1\" \/>\n<link rel=\"canonical\" href=\"https:\/\/vetpure.eu\/es\/marki\/\" \/>\n<meta property=\"og:locale\" content=\"es_ES\" \/>\n<meta property=\"og:type\" content=\"article\" \/>\n<meta property=\"og:title\" content=\"Marki Vet Pure - VETPURE\" \/>\n<meta property=\"og:description\" content=\"Dowiedz si\u0119 wi\u0119cej o produktach marki Vet Pure \u2013 stworzonych z my\u015bl\u0105 o zdrowiu i dobrej kondycji zwierz\u0105t, opartych na starannie dobranych sk\u0142adnikach.\" \/>\n<meta property=\"og:url\" content=\"https:\/\/vetpure.eu\/es\/marki\/\" \/>\n<meta property=\"og:site_name\" content=\"VETPURE\" \/>\n<meta property=\"article:modified_time\" content=\"2025-08-13T14:12:17+00:00\" \/>\n<meta name=\"twitter:card\" content=\"summary_large_image\" \/>\n<script type=\"application\/ld+json\" class=\"yoast-schema-graph\">{\"@context\":\"https:\/\/schema.org\",\"@graph\":[{\"@type\":\"WebPage\",\"@id\":\"https:\/\/vetpure.eu\/marki\/\",\"url\":\"https:\/\/vetpure.eu\/marki\/\",\"name\":\"Marki Vet Pure - VETPURE\",\"isPartOf\":{\"@id\":\"https:\/\/vetpure.eu\/#website\"},\"datePublished\":\"2025-02-22T18:13:20+00:00\",\"dateModified\":\"2025-08-13T14:12:17+00:00\",\"description\":\"Dowiedz si\u0119 wi\u0119cej o produktach marki Vet Pure \u2013 stworzonych z my\u015bl\u0105 o zdrowiu i dobrej kondycji zwierz\u0105t, opartych na starannie dobranych sk\u0142adnikach.\",\"breadcrumb\":{\"@id\":\"https:\/\/vetpure.eu\/marki\/#breadcrumb\"},\"inLanguage\":\"es\",\"potentialAction\":[{\"@type\":\"ReadAction\",\"target\":[\"https:\/\/vetpure.eu\/marki\/\"]}]},{\"@type\":\"BreadcrumbList\",\"@id\":\"https:\/\/vetpure.eu\/marki\/#breadcrumb\",\"itemListElement\":[{\"@type\":\"ListItem\",\"position\":1,\"name\":\"Home\",\"item\":\"https:\/\/vetpure.eu\/\"},{\"@type\":\"ListItem\",\"position\":2,\"name\":\"Marki\"}]},{\"@type\":\"WebSite\",\"@id\":\"https:\/\/vetpure.eu\/#website\",\"url\":\"https:\/\/vetpure.eu\/\",\"name\":\"VETPURE\",\"description\":\"\",\"potentialAction\":[{\"@type\":\"SearchAction\",\"target\":{\"@type\":\"EntryPoint\",\"urlTemplate\":\"https:\/\/vetpure.eu\/?s={search_term_string}\"},\"query-input\":{\"@type\":\"PropertyValueSpecification\",\"valueRequired\":true,\"valueName\":\"search_term_string\"}}],\"inLanguage\":\"es\"}]}<\/script>\n<!-- \/ Yoast SEO plugin. -->","yoast_head_json":{"title":"Marki Vet Pure - VETPURE","description":"Dowiedz si\u0119 wi\u0119cej o produktach marki Vet Pure \u2013 stworzonych z my\u015bl\u0105 o zdrowiu i dobrej kondycji zwierz\u0105t, opartych na starannie dobranych sk\u0142adnikach.","robots":{"index":"index","follow":"follow","max-snippet":"max-snippet:-1","max-image-preview":"max-image-preview:large","max-video-preview":"max-video-preview:-1"},"canonical":"https:\/\/vetpure.eu\/es\/marki\/","og_locale":"es_ES","og_type":"article","og_title":"Marki Vet Pure - VETPURE","og_description":"Dowiedz si\u0119 wi\u0119cej o produktach marki Vet Pure \u2013 stworzonych z my\u015bl\u0105 o zdrowiu i dobrej kondycji zwierz\u0105t, opartych na starannie dobranych sk\u0142adnikach.","og_url":"https:\/\/vetpure.eu\/es\/marki\/","og_site_name":"VETPURE","article_modified_time":"2025-08-13T14:12:17+00:00","twitter_card":"summary_large_image","schema":{"@context":"https:\/\/schema.org","@graph":[{"@type":"WebPage","@id":"https:\/\/vetpure.eu\/marki\/","url":"https:\/\/vetpure.eu\/marki\/","name":"Marki Vet Pure - VETPURE","isPartOf":{"@id":"https:\/\/vetpure.eu\/#website"},"datePublished":"2025-02-22T18:13:20+00:00","dateModified":"2025-08-13T14:12:17+00:00","description":"Dowiedz si\u0119 wi\u0119cej o produktach marki Vet Pure \u2013 stworzonych z my\u015bl\u0105 o zdrowiu i dobrej kondycji zwierz\u0105t, opartych na starannie dobranych sk\u0142adnikach.","breadcrumb":{"@id":"https:\/\/vetpure.eu\/marki\/#breadcrumb"},"inLanguage":"es","potentialAction":[{"@type":"ReadAction","target":["https:\/\/vetpure.eu\/marki\/"]}]},{"@type":"BreadcrumbList","@id":"https:\/\/vetpure.eu\/marki\/#breadcrumb","itemListElement":[{"@type":"ListItem","position":1,"name":"Home","item":"https:\/\/vetpure.eu\/"},{"@type":"ListItem","position":2,"name":"Marki"}]},{"@type":"WebSite","@id":"https:\/\/vetpure.eu\/#website","url":"https:\/\/vetpure.eu\/","name":"VETPURE","description":"","potentialAction":[{"@type":"SearchAction","target":{"@type":"EntryPoint","urlTemplate":"https:\/\/vetpure.eu\/?s={search_term_string}"},"query-input":{"@type":"PropertyValueSpecification","valueRequired":true,"valueName":"search_term_string"}}],"inLanguage":"es"}]}},"_links":{"self":[{"href":"https:\/\/vetpure.eu\/es\/wp-json\/wp\/v2\/pages\/234"}],"collection":[{"href":"https:\/\/vetpure.eu\/es\/wp-json\/wp\/v2\/pages"}],"about":[{"href":"https:\/\/vetpure.eu\/es\/wp-json\/wp\/v2\/types\/page"}],"author":[{"embeddable":true,"href":"https:\/\/vetpure.eu\/es\/wp-json\/wp\/v2\/users\/1"}],"replies":[{"embeddable":true,"href":"https:\/\/vetpure.eu\/es\/wp-json\/wp\/v2\/comments?post=234"}],"version-history":[{"count":21,"href":"https:\/\/vetpure.eu\/es\/wp-json\/wp\/v2\/pages\/234\/revisions"}],"predecessor-version":[{"id":813,"href":"https:\/\/vetpure.eu\/es\/wp-json\/wp\/v2\/pages\/234\/revisions\/813"}],"wp:attachment":[{"href":"https:\/\/vetpure.eu\/es\/wp-json\/wp\/v2\/media?parent=234"}],"curies":[{"name":"wp","href":"https:\/\/api.w.org\/{rel}","templated":true}]}}