{"id":234,"date":"2025-02-22T19:13:20","date_gmt":"2025-02-22T18:13:20","guid":{"rendered":"https:\/\/blocks.localhost\/?page_id=234"},"modified":"2025-08-13T16:12:17","modified_gmt":"2025-08-13T14:12:17","slug":"marki","status":"publish","type":"page","link":"https:\/\/vetpure.eu\/fr\/marki\/","title":{"rendered":"Marques"},"content":{"rendered":"<!-- Render in front -->\r\n\r\n    <section class=\"bg-secondary dark:bg-gray-900\">\r\n        <div class=\"relative grid lg:grid-cols-12 lg:gap-8 xl:gap-0 mx-auto max-w-screen-xl\">\r\n\r\n            <div class=\"mr-auto place-self-center lg:col-span-7 px-4 py-8 lg:py-30\">\r\n                <h1 class=\"[&#038;_strong]:text-primary [&#038;_b]:text-primary max-w-2xl mb-4 text-4xl font-extrabold tracking-tight leading-none md:text-5xl xl:text-6xl text-white dark:text-black\">\r\n                    Nous nous soucions quotidiennement de la sant\u00e9 animale.                <\/h1>\r\n                                    <p class=\"max-w-2xl mb-6 font-light text-gray-400 lg:mb-8 md:text-lg lg:text-xl\">\r\n                        Nous cr\u00e9ons des compl\u00e9ments alimentaires innovants qui allient nature et science pour favoriser la sant\u00e9 et la vitalit\u00e9 de votre animal.                    <\/p>\r\n                                            <\/div>\r\n\r\n                            <div class=\"hidden lg:flex absolute top-0 right-0 bottom-0\">\r\n                    <img decoding=\"async\" class=\"h-full w-auto\" src=\"https:\/\/vetpure.eu\/wp-content\/uploads\/2025\/03\/zdjecia-_2_.webp\" alt=\"pies z kotem\">\r\n                <\/div>\r\n            \r\n        <\/div>\r\n    <\/section>\r\n\r\n\n\n\r\n    <!-- Render in front -->\r\n\r\n    <section class=\"bg-white dark:bg-gray-900\">\r\n        <div class=\"items-center py-8 px-4 mx-auto max-w-screen-xl lg:grid xl:grid-cols-3 lg:gap-8 xl:gap-24 sm:py-16 lg:px-6\">\r\n\r\n            <div class=\"mb-8 lg:mb-0\">\r\n                <h2 class=\"mb-4 text-4xl tracking-tight font-extrabold text-gray-900 dark:text-white\">\r\n                    Pourquoi choisir les compl\u00e9ments alimentaires ANIMALACTIN ?<sup><span class=\"font-normal\">\u00ae <\/span><\/sup>?                <\/h2>\r\n                <p class=\"mb-4 text-gray-500 sm:text-xl dark:text-gray-400\">\r\n                    Compl\u00e9ments alimentaires ANIMALACTIN<sup>\u00ae <\/sup> Ce produit unique sur le march\u00e9 doit son origine \u00e0 son principe actif brevet\u00e9, MicroLactin\u00ae. Son efficacit\u00e9 a \u00e9t\u00e9 confirm\u00e9e par de nombreuses \u00e9tudes cliniques.                 <\/p>\r\n\r\n                               \r\n            <\/div>\r\n\r\n                        <div class=\"col-span-2 space-y-8 md:grid md:grid-cols-2 md:gap-12 md:space-y-0\">\r\n                                <div>\r\n                                            <div class=\"flex justify-center items-center mb-4 w-10 h-10 rounded-full bg-primary-100 lg:h-12 lg:w-12 dark:bg-primary-900\">\r\n                            <img decoding=\"async\" src=\"https:\/\/vetpure.eu\/wp-content\/uploads\/2025\/03\/Icon-Shapes-9.png\" alt=\"\" >\r\n                        <\/div>\r\n                                        <h3 class=\"mb-2 text-xl font-bold dark:text-white\">\r\n                        Recette naturelle                    <\/h3>\r\n                    <p class=\"text-gray-500 dark:text-gray-400\">\r\n                        Nous cr\u00e9ons des compl\u00e9ments alimentaires \u00e0 base d&#039;ingr\u00e9dients de la plus haute qualit\u00e9, sans additifs inutiles ni conservateurs artificiels.                    <\/p>\r\n                <\/div>\r\n                                <div>\r\n                                            <div class=\"flex justify-center items-center mb-4 w-10 h-10 rounded-full bg-primary-100 lg:h-12 lg:w-12 dark:bg-primary-900\">\r\n                            <img decoding=\"async\" src=\"https:\/\/vetpure.eu\/wp-content\/uploads\/2025\/03\/Icon-Shapes-1-2.png\" alt=\"\" >\r\n                        <\/div>\r\n                                        <h3 class=\"mb-2 text-xl font-bold dark:text-white\">\r\n                        Connaissances d&#039;experts                    <\/h3>\r\n                    <p class=\"text-gray-500 dark:text-gray-400\">\r\n                        Nos produits sont d\u00e9velopp\u00e9s en collaboration avec des v\u00e9t\u00e9rinaires et des nutritionnistes animaliers, ce qui garantit leur efficacit\u00e9 et leur innocuit\u00e9.                    <\/p>\r\n                <\/div>\r\n                                <div>\r\n                                            <div class=\"flex justify-center items-center mb-4 w-10 h-10 rounded-full bg-primary-100 lg:h-12 lg:w-12 dark:bg-primary-900\">\r\n                            <img decoding=\"async\" src=\"https:\/\/vetpure.eu\/wp-content\/uploads\/2025\/03\/Icon-Shapes-8.png\" alt=\"\" >\r\n                        <\/div>\r\n                                        <h3 class=\"mb-2 text-xl font-bold dark:text-white\">\r\n                        Fiducie des soigneurs d&#039;animaux                    <\/h3>\r\n                    <p class=\"text-gray-500 dark:text-gray-400\">\r\n                        Vet Pure est une marque recommand\u00e9e par les propri\u00e9taires d&#039;animaux et les experts v\u00e9t\u00e9rinaires qui appr\u00e9cient notre approche innovante.                    <\/p>\r\n                <\/div>\r\n                                <div>\r\n                                            <div class=\"flex justify-center items-center mb-4 w-10 h-10 rounded-full bg-primary-100 lg:h-12 lg:w-12 dark:bg-primary-900\">\r\n                            <img decoding=\"async\" src=\"https:\/\/vetpure.eu\/wp-content\/uploads\/2025\/03\/Icon-Shapes-1-1.png\" alt=\"\" >\r\n                        <\/div>\r\n                                        <h3 class=\"mb-2 text-xl font-bold dark:text-white\">\r\n                        Production responsable                    <\/h3>\r\n                    <p class=\"text-gray-500 dark:text-gray-400\">\r\n                        Nous prenons soin de l&#039;environnement en utilisant des proc\u00e9d\u00e9s de production durables et des solutions \u00e9cologiques qui minimisent notre impact sur la plan\u00e8te.                    <\/p>\r\n                <\/div>\r\n                                \r\n            <\/div>\r\n                    <\/div>\r\n    <\/section>\r\n\r\n\n\n\r\n    <!-- Render in front -->\r\n\r\n    <section class=\"bg-white dark:bg-gray-900\"\r\n    >\r\n\r\n        <div class=\"gap-16 items-center py-8 px-4 mx-auto max-w-screen-xl lg:flex lg:py-16 lg:px-6            flex-row-reverse\">\r\n\r\n            <div class=\"lg:w-1\/2 font-light text-gray-500 sm:text-lg dark:text-gray-400\">\r\n\r\n                <h2 class=\"mb-4 text-4xl tracking-tight font-extrabold text-gray-900 dark:text-white\">\r\n                    Qu&#039;est-ce que la microlactine ?<sup><span class=\"font-normal\">\u00ae <\/span><\/sup> Et quel est son effet ?                <\/h2>\r\n                <div class=\"mb-4 format format-sm sm:format-base lg:format-lg format-blue dark:format-invert w-full max-w-none\">\r\n                    <p>Microlactine<sup>\u00ae <\/sup> est un concentr\u00e9 de prot\u00e9ines naturelles issu du lait de vache. Cet ingr\u00e9dient provient de vaches \u00e9lev\u00e9es en Nouvelle-Z\u00e9lande, prot\u00e9g\u00e9es depuis des g\u00e9n\u00e9rations de toute pollution environnementale, sans antibiotiques, hormones, m\u00e9dicaments ni autres produits chimiques, et nourries exclusivement \u00e0 l&#039;herbe naturelle. Le concentr\u00e9 est produit aux \u00c9tats-Unis, o\u00f9 MicroLactin<sup>\u00ae <\/sup> a fait l&#039;objet d&#039;un brevet (brevet n\u00b0 104-78-493). Ce produit se caract\u00e9rise par une faible teneur en lactose et en mati\u00e8res grasses, tout en \u00e9tant riche en prot\u00e9ines. Il contient \u00e9galement des facteurs immunologiques naturels hautement concentr\u00e9s, pr\u00e9sents dans le lait de vache. Gr\u00e2ce \u00e0 ces propri\u00e9t\u00e9s, MicroLactin<sup>\u00ae <\/sup> Il poss\u00e8de un large spectre d&#039;action anti-inflammatoire efficace, contribuant efficacement \u00e0 la sant\u00e9 des articulations, des muscles et \u00e0 l&#039;immunit\u00e9 g\u00e9n\u00e9rale de l&#039;organisme animal.<\/p>\n                <\/div>\r\n               \r\n                \r\n            <\/div>\r\n            <div class=\"lg:w-1\/2\">\r\n                                    <img decoding=\"async\" class=\"w-full rounded-lg\" src=\"https:\/\/vetpure.eu\/wp-content\/uploads\/2025\/06\/3_opakowania.png\" alt=\"\">\r\n                            <\/div>\r\n        <\/div>\r\n    <\/section>\r\n\r\n\n\n\r\n    <!-- Render in front -->\r\n\r\n    <section class=\"bg-white dark:bg-gray-900\">\r\n        <div class=\"py-8 px-4 mx-auto max-w-screen-xl sm:py-16 lg:px-6\">\r\n            <h2 class=\"mb-6 lg:mb-8 text-3xl lg:text-4xl tracking-tight font-extrabold text-center text-gray-900 dark:text-white\">\r\n                FAQ            <\/h2>\r\n\r\n            <p class=\"mb-4 text-center text-gray-500 sm:text-xl dark:text-gray-400\">\r\n                Consultez les questions les plus fr\u00e9quemment pos\u00e9es concernant la marque ANIMALACTIN<sup>\u00ae <\/sup>!            <\/p>\r\n            \r\n                                    <div class=\"mx-auto max-w-screen-md\" x-data=\"Accordion({ opened: false })\">\r\n\r\n                <div \r\n                    class=\"text-lg\"\r\n                    :class=\"{'bg-white dark:bg-gray-900 text-gray-900 dark:text-white':  opened['1'] }\"\r\n                    x-on:click=\"toggle('1')\"\r\n                >\r\n                    <h2 >\r\n                        <button type=\"button\" class=\"flex justify-between items-center py-5 w-full font-medium text-left text-gray-900 bg-white border-b border-gray-200 dark:border-gray-700 dark:bg-gray-900 dark:text-white cursor-pointer\">\r\n                            <span>Qu&#039;est-ce qui distingue les compl\u00e9ments alimentaires ANIMALACTIN ?<sup>\u00ae <\/sup> par rapport aux autres compl\u00e9ments alimentaires disponibles sur le march\u00e9 ?<\/span>\r\n                            <svg  class=\"w-6 h-6 shrink-0\" :class=\"{'rotate-180': opened['1'] }\" fill=\"currentColor\" viewbox=\"0 0 20 20\" xmlns=\"http:\/\/www.w3.org\/2000\/svg\"><path fill-rule=\"evenodd\" d=\"M5.293 7.293a1 1 0 011.414 0L10 10.586l3.293-3.293a1 1 0 111.414 1.414l-4 4a1 1 0 01-1.414 0l-4-4a1 1 0 010-1.414z\" clip-rule=\"evenodd\"><\/path><\/svg>\r\n                        <\/button>\r\n                    <\/h2>\r\n                    <div x-show=\"opened['1']\" x-cloak x-collapse.duration.300ms class=\"py-5 border-b border-gray-200 dark:border-gray-700\">\r\n                        Nos compl\u00e9ments alimentaires se distinguent principalement par la pr\u00e9sence de l&#039;ingr\u00e9dient MicroLactin.<sup>\u00ae <\/sup>, une substance active brevet\u00e9e aux effets scientifiquement prouv\u00e9s, qui contribue \u00e0 la sant\u00e9 animale dans divers domaines. Tous les produits ANIMALACTIN<sup>\u00ae <\/sup> Ils contiennent du MicroLactin\u00ae, ce qui rend nos compl\u00e9ments alimentaires exceptionnellement efficaces par rapport \u00e0 la concurrence. Autre avantage\u00a0: la poudre PALASURANCE, pratique et savoureuse, se m\u00e9lange facilement aux aliments ou \u00e0 l\u2019eau.                    <\/div>\r\n                    \r\n                <\/div> \r\n            <\/div>     \r\n                      \r\n                        <div class=\"mx-auto max-w-screen-md\" x-data=\"Accordion({ opened: false })\">\r\n\r\n                <div \r\n                    class=\"text-lg\"\r\n                    :class=\"{'bg-white dark:bg-gray-900 text-gray-900 dark:text-white':  opened['2'] }\"\r\n                    x-on:click=\"toggle('2')\"\r\n                >\r\n                    <h2 >\r\n                        <button type=\"button\" class=\"flex justify-between items-center py-5 w-full font-medium text-left text-gray-900 bg-white border-b border-gray-200 dark:border-gray-700 dark:bg-gray-900 dark:text-white cursor-pointer\">\r\n                            <span>O\u00f9 puis-je acheter des compl\u00e9ments alimentaires ANIMALACTIN ?<sup>\u00ae <\/sup>?<\/span>\r\n                            <svg  class=\"w-6 h-6 shrink-0\" :class=\"{'rotate-180': opened['2'] }\" fill=\"currentColor\" viewbox=\"0 0 20 20\" xmlns=\"http:\/\/www.w3.org\/2000\/svg\"><path fill-rule=\"evenodd\" d=\"M5.293 7.293a1 1 0 011.414 0L10 10.586l3.293-3.293a1 1 0 111.414 1.414l-4 4a1 1 0 01-1.414 0l-4-4a1 1 0 010-1.414z\" clip-rule=\"evenodd\"><\/path><\/svg>\r\n                        <\/button>\r\n                    <\/h2>\r\n                    <div x-show=\"opened['2']\" x-cloak x-collapse.duration.300ms class=\"py-5 border-b border-gray-200 dark:border-gray-700\">\r\n                        Compl\u00e9ments alimentaires ANIMALACTIN<sup>\u00ae <\/sup> sont disponibles dans notre boutique en ligne officielle et sur Allegro.                    <\/div>\r\n                    \r\n                <\/div> \r\n            <\/div>     \r\n                      \r\n                        <div class=\"mx-auto max-w-screen-md\" x-data=\"Accordion({ opened: false })\">\r\n\r\n                <div \r\n                    class=\"text-lg\"\r\n                    :class=\"{'bg-white dark:bg-gray-900 text-gray-900 dark:text-white':  opened['3'] }\"\r\n                    x-on:click=\"toggle('3')\"\r\n                >\r\n                    <h2 >\r\n                        <button type=\"button\" class=\"flex justify-between items-center py-5 w-full font-medium text-left text-gray-900 bg-white border-b border-gray-200 dark:border-gray-700 dark:bg-gray-900 dark:text-white cursor-pointer\">\r\n                            <span>Les compl\u00e9ments alimentaires ANIMALACTIN sont-ils des compl\u00e9ments alimentaires ?<sup>\u00ae <\/sup> sont-ils test\u00e9s sur des animaux ?<\/span>\r\n                            <svg  class=\"w-6 h-6 shrink-0\" :class=\"{'rotate-180': opened['3'] }\" fill=\"currentColor\" viewbox=\"0 0 20 20\" xmlns=\"http:\/\/www.w3.org\/2000\/svg\"><path fill-rule=\"evenodd\" d=\"M5.293 7.293a1 1 0 011.414 0L10 10.586l3.293-3.293a1 1 0 111.414 1.414l-4 4a1 1 0 01-1.414 0l-4-4a1 1 0 010-1.414z\" clip-rule=\"evenodd\"><\/path><\/svg>\r\n                        <\/button>\r\n                    <\/h2>\r\n                    <div x-show=\"opened['3']\" x-cloak x-collapse.duration.300ms class=\"py-5 border-b border-gray-200 dark:border-gray-700\">\r\n                        Non, Vet Pure SA ne teste pas ses produits sur les animaux. Nos compl\u00e9ments alimentaires sont \u00e9labor\u00e9s dans le respect du bien-\u00eatre animal, et leur efficacit\u00e9 et leur innocuit\u00e9 sont confirm\u00e9es par des recherches scientifiques et des tests en laboratoire.                    <\/div>\r\n                    \r\n                <\/div> \r\n            <\/div>     \r\n                      \r\n                    <\/div>  \r\n    <\/section>","protected":false},"excerpt":{"rendered":"","protected":false},"author":1,"featured_media":0,"parent":0,"menu_order":0,"comment_status":"closed","ping_status":"closed","template":"","meta":{"_acf_changed":false,"footnotes":""},"class_list":["post-234","page","type-page","status-publish","hentry"],"acf":[],"yoast_head":"<!-- This site is optimized with the Yoast SEO plugin v23.5 - https:\/\/yoast.com\/wordpress\/plugins\/seo\/ -->\n<title>Marki Vet Pure - VETPURE<\/title>\n<meta name=\"description\" content=\"Dowiedz si\u0119 wi\u0119cej o produktach marki Vet Pure \u2013 stworzonych z my\u015bl\u0105 o zdrowiu i dobrej kondycji zwierz\u0105t, opartych na starannie dobranych sk\u0142adnikach.\" \/>\n<meta name=\"robots\" content=\"index, follow, max-snippet:-1, max-image-preview:large, max-video-preview:-1\" \/>\n<link rel=\"canonical\" href=\"https:\/\/vetpure.eu\/fr\/marki\/\" \/>\n<meta property=\"og:locale\" content=\"fr_FR\" \/>\n<meta property=\"og:type\" content=\"article\" \/>\n<meta property=\"og:title\" content=\"Marki Vet Pure - VETPURE\" \/>\n<meta property=\"og:description\" content=\"Dowiedz si\u0119 wi\u0119cej o produktach marki Vet Pure \u2013 stworzonych z my\u015bl\u0105 o zdrowiu i dobrej kondycji zwierz\u0105t, opartych na starannie dobranych sk\u0142adnikach.\" \/>\n<meta property=\"og:url\" content=\"https:\/\/vetpure.eu\/fr\/marki\/\" \/>\n<meta property=\"og:site_name\" content=\"VETPURE\" \/>\n<meta property=\"article:modified_time\" content=\"2025-08-13T14:12:17+00:00\" \/>\n<meta name=\"twitter:card\" content=\"summary_large_image\" \/>\n<script type=\"application\/ld+json\" class=\"yoast-schema-graph\">{\"@context\":\"https:\/\/schema.org\",\"@graph\":[{\"@type\":\"WebPage\",\"@id\":\"https:\/\/vetpure.eu\/marki\/\",\"url\":\"https:\/\/vetpure.eu\/marki\/\",\"name\":\"Marki Vet Pure - VETPURE\",\"isPartOf\":{\"@id\":\"https:\/\/vetpure.eu\/#website\"},\"datePublished\":\"2025-02-22T18:13:20+00:00\",\"dateModified\":\"2025-08-13T14:12:17+00:00\",\"description\":\"Dowiedz si\u0119 wi\u0119cej o produktach marki Vet Pure \u2013 stworzonych z my\u015bl\u0105 o zdrowiu i dobrej kondycji zwierz\u0105t, opartych na starannie dobranych sk\u0142adnikach.\",\"breadcrumb\":{\"@id\":\"https:\/\/vetpure.eu\/marki\/#breadcrumb\"},\"inLanguage\":\"fr-FR\",\"potentialAction\":[{\"@type\":\"ReadAction\",\"target\":[\"https:\/\/vetpure.eu\/marki\/\"]}]},{\"@type\":\"BreadcrumbList\",\"@id\":\"https:\/\/vetpure.eu\/marki\/#breadcrumb\",\"itemListElement\":[{\"@type\":\"ListItem\",\"position\":1,\"name\":\"Home\",\"item\":\"https:\/\/vetpure.eu\/\"},{\"@type\":\"ListItem\",\"position\":2,\"name\":\"Marki\"}]},{\"@type\":\"WebSite\",\"@id\":\"https:\/\/vetpure.eu\/#website\",\"url\":\"https:\/\/vetpure.eu\/\",\"name\":\"VETPURE\",\"description\":\"\",\"potentialAction\":[{\"@type\":\"SearchAction\",\"target\":{\"@type\":\"EntryPoint\",\"urlTemplate\":\"https:\/\/vetpure.eu\/?s={search_term_string}\"},\"query-input\":{\"@type\":\"PropertyValueSpecification\",\"valueRequired\":true,\"valueName\":\"search_term_string\"}}],\"inLanguage\":\"fr-FR\"}]}<\/script>\n<!-- \/ Yoast SEO plugin. -->","yoast_head_json":{"title":"Marki Vet Pure - VETPURE","description":"Dowiedz si\u0119 wi\u0119cej o produktach marki Vet Pure \u2013 stworzonych z my\u015bl\u0105 o zdrowiu i dobrej kondycji zwierz\u0105t, opartych na starannie dobranych sk\u0142adnikach.","robots":{"index":"index","follow":"follow","max-snippet":"max-snippet:-1","max-image-preview":"max-image-preview:large","max-video-preview":"max-video-preview:-1"},"canonical":"https:\/\/vetpure.eu\/fr\/marki\/","og_locale":"fr_FR","og_type":"article","og_title":"Marki Vet Pure - VETPURE","og_description":"Dowiedz si\u0119 wi\u0119cej o produktach marki Vet Pure \u2013 stworzonych z my\u015bl\u0105 o zdrowiu i dobrej kondycji zwierz\u0105t, opartych na starannie dobranych sk\u0142adnikach.","og_url":"https:\/\/vetpure.eu\/fr\/marki\/","og_site_name":"VETPURE","article_modified_time":"2025-08-13T14:12:17+00:00","twitter_card":"summary_large_image","schema":{"@context":"https:\/\/schema.org","@graph":[{"@type":"WebPage","@id":"https:\/\/vetpure.eu\/marki\/","url":"https:\/\/vetpure.eu\/marki\/","name":"Marki Vet Pure - VETPURE","isPartOf":{"@id":"https:\/\/vetpure.eu\/#website"},"datePublished":"2025-02-22T18:13:20+00:00","dateModified":"2025-08-13T14:12:17+00:00","description":"Dowiedz si\u0119 wi\u0119cej o produktach marki Vet Pure \u2013 stworzonych z my\u015bl\u0105 o zdrowiu i dobrej kondycji zwierz\u0105t, opartych na starannie dobranych sk\u0142adnikach.","breadcrumb":{"@id":"https:\/\/vetpure.eu\/marki\/#breadcrumb"},"inLanguage":"fr-FR","potentialAction":[{"@type":"ReadAction","target":["https:\/\/vetpure.eu\/marki\/"]}]},{"@type":"BreadcrumbList","@id":"https:\/\/vetpure.eu\/marki\/#breadcrumb","itemListElement":[{"@type":"ListItem","position":1,"name":"Home","item":"https:\/\/vetpure.eu\/"},{"@type":"ListItem","position":2,"name":"Marki"}]},{"@type":"WebSite","@id":"https:\/\/vetpure.eu\/#website","url":"https:\/\/vetpure.eu\/","name":"VETPURE","description":"","potentialAction":[{"@type":"SearchAction","target":{"@type":"EntryPoint","urlTemplate":"https:\/\/vetpure.eu\/?s={search_term_string}"},"query-input":{"@type":"PropertyValueSpecification","valueRequired":true,"valueName":"search_term_string"}}],"inLanguage":"fr-FR"}]}},"_links":{"self":[{"href":"https:\/\/vetpure.eu\/fr\/wp-json\/wp\/v2\/pages\/234"}],"collection":[{"href":"https:\/\/vetpure.eu\/fr\/wp-json\/wp\/v2\/pages"}],"about":[{"href":"https:\/\/vetpure.eu\/fr\/wp-json\/wp\/v2\/types\/page"}],"author":[{"embeddable":true,"href":"https:\/\/vetpure.eu\/fr\/wp-json\/wp\/v2\/users\/1"}],"replies":[{"embeddable":true,"href":"https:\/\/vetpure.eu\/fr\/wp-json\/wp\/v2\/comments?post=234"}],"version-history":[{"count":21,"href":"https:\/\/vetpure.eu\/fr\/wp-json\/wp\/v2\/pages\/234\/revisions"}],"predecessor-version":[{"id":813,"href":"https:\/\/vetpure.eu\/fr\/wp-json\/wp\/v2\/pages\/234\/revisions\/813"}],"wp:attachment":[{"href":"https:\/\/vetpure.eu\/fr\/wp-json\/wp\/v2\/media?parent=234"}],"curies":[{"name":"wp","href":"https:\/\/api.w.org\/{rel}","templated":true}]}}