{"id":234,"date":"2025-02-22T19:13:20","date_gmt":"2025-02-22T18:13:20","guid":{"rendered":"https:\/\/blocks.localhost\/?page_id=234"},"modified":"2025-08-13T16:12:17","modified_gmt":"2025-08-13T14:12:17","slug":"marki","status":"publish","type":"page","link":"https:\/\/vetpure.eu\/lv\/marki\/","title":{"rendered":"Z\u012bmoli"},"content":{"rendered":"<!-- Render in front -->\r\n\r\n    <section class=\"bg-secondary dark:bg-gray-900\">\r\n        <div class=\"relative grid lg:grid-cols-12 lg:gap-8 xl:gap-0 mx-auto max-w-screen-xl\">\r\n\r\n            <div class=\"mr-auto place-self-center lg:col-span-7 px-4 py-8 lg:py-30\">\r\n                <h1 class=\"[&#038;_strong]:text-primary [&#038;_b]:text-primary max-w-2xl mb-4 text-4xl font-extrabold tracking-tight leading-none md:text-5xl xl:text-6xl text-white dark:text-black\">\r\n                    M\u0113s r\u016bp\u0113jamies par dz\u012bvnieku vesel\u012bbu katru dienu                <\/h1>\r\n                                    <p class=\"max-w-2xl mb-6 font-light text-gray-400 lg:mb-8 md:text-lg lg:text-xl\">\r\n                        M\u0113s rad\u0101m inovat\u012bvus uztura bag\u0101tin\u0101t\u0101jus, kas apvieno dabu un zin\u0101tni, lai atbalst\u012btu j\u016bsu m\u0101jdz\u012bvnieka vesel\u012bbu un vitalit\u0101ti.                    <\/p>\r\n                                            <\/div>\r\n\r\n                            <div class=\"hidden lg:flex absolute top-0 right-0 bottom-0\">\r\n                    <img decoding=\"async\" class=\"h-full w-auto\" src=\"https:\/\/vetpure.eu\/wp-content\/uploads\/2025\/03\/zdjecia-_2_.webp\" alt=\"pies z kotem\">\r\n                <\/div>\r\n            \r\n        <\/div>\r\n    <\/section>\r\n\r\n\n\n\r\n    <!-- Render in front -->\r\n\r\n    <section class=\"bg-white dark:bg-gray-900\">\r\n        <div class=\"items-center py-8 px-4 mx-auto max-w-screen-xl lg:grid xl:grid-cols-3 lg:gap-8 xl:gap-24 sm:py-16 lg:px-6\">\r\n\r\n            <div class=\"mb-8 lg:mb-0\">\r\n                <h2 class=\"mb-4 text-4xl tracking-tight font-extrabold text-gray-900 dark:text-white\">\r\n                    K\u0101p\u0113c izv\u0113l\u0113ties ANIMALACTIN uztura bag\u0101tin\u0101t\u0101jus?<sup><span class=\"font-normal\">\u00ae <\/span><\/sup>?                <\/h2>\r\n                <p class=\"mb-4 text-gray-500 sm:text-xl dark:text-gray-400\">\r\n                    ANIMALACTIN uztura bag\u0101tin\u0101t\u0101ji<sup>\u00ae <\/sup> \u0160is unik\u0101lais produkts tirg\u016b ir unik\u0101ls, pateicoties patent\u0113tajai akt\u012bvajai vielai MicroLactin\u00ae. T\u0101 efektivit\u0101ti ir apstiprin\u0101ju\u0161i daudzi kl\u012bniskie p\u0113t\u012bjumi.                 <\/p>\r\n\r\n                               \r\n            <\/div>\r\n\r\n                        <div class=\"col-span-2 space-y-8 md:grid md:grid-cols-2 md:gap-12 md:space-y-0\">\r\n                                <div>\r\n                                            <div class=\"flex justify-center items-center mb-4 w-10 h-10 rounded-full bg-primary-100 lg:h-12 lg:w-12 dark:bg-primary-900\">\r\n                            <img decoding=\"async\" src=\"https:\/\/vetpure.eu\/wp-content\/uploads\/2025\/03\/Icon-Shapes-9.png\" alt=\"\" >\r\n                        <\/div>\r\n                                        <h3 class=\"mb-2 text-xl font-bold dark:text-white\">\r\n                        Dab\u012bga recepte                    <\/h3>\r\n                    <p class=\"text-gray-500 dark:text-gray-400\">\r\n                        M\u0113s rad\u0101m uztura bag\u0101tin\u0101t\u0101jus, kuru pamat\u0101 ir augst\u0101k\u0101s kvalit\u0101tes sast\u0101vda\u013cas, bez nevajadz\u012bg\u0101m piedev\u0101m un m\u0101ksl\u012bgiem konservantiem.                    <\/p>\r\n                <\/div>\r\n                                <div>\r\n                                            <div class=\"flex justify-center items-center mb-4 w-10 h-10 rounded-full bg-primary-100 lg:h-12 lg:w-12 dark:bg-primary-900\">\r\n                            <img decoding=\"async\" src=\"https:\/\/vetpure.eu\/wp-content\/uploads\/2025\/03\/Icon-Shapes-1-2.png\" alt=\"\" >\r\n                        <\/div>\r\n                                        <h3 class=\"mb-2 text-xl font-bold dark:text-white\">\r\n                        Ekspertu zin\u0101\u0161anas                    <\/h3>\r\n                    <p class=\"text-gray-500 dark:text-gray-400\">\r\n                        M\u016bsu produkti tiek izstr\u0101d\u0101ti sadarb\u012bb\u0101 ar veterin\u0101r\u0101rstiem un dz\u012bvnieku uztura speci\u0101listiem, garant\u0113jot to efektivit\u0101ti un dro\u0161\u012bbu.                    <\/p>\r\n                <\/div>\r\n                                <div>\r\n                                            <div class=\"flex justify-center items-center mb-4 w-10 h-10 rounded-full bg-primary-100 lg:h-12 lg:w-12 dark:bg-primary-900\">\r\n                            <img decoding=\"async\" src=\"https:\/\/vetpure.eu\/wp-content\/uploads\/2025\/03\/Icon-Shapes-8.png\" alt=\"\" >\r\n                        <\/div>\r\n                                        <h3 class=\"mb-2 text-xl font-bold dark:text-white\">\r\n                        Dz\u012bvnieku apr\u016bp\u0113t\u0101ju uztic\u012bba                    <\/h3>\r\n                    <p class=\"text-gray-500 dark:text-gray-400\">\r\n                        Vet Pure ir z\u012bmols, ko iesaka m\u0101jdz\u012bvnieku \u012bpa\u0161nieki un veterin\u0101r\u0101rsti, kuri nov\u0113rt\u0113 m\u016bsu inovat\u012bvo pieeju.                    <\/p>\r\n                <\/div>\r\n                                <div>\r\n                                            <div class=\"flex justify-center items-center mb-4 w-10 h-10 rounded-full bg-primary-100 lg:h-12 lg:w-12 dark:bg-primary-900\">\r\n                            <img decoding=\"async\" src=\"https:\/\/vetpure.eu\/wp-content\/uploads\/2025\/03\/Icon-Shapes-1-1.png\" alt=\"\" >\r\n                        <\/div>\r\n                                        <h3 class=\"mb-2 text-xl font-bold dark:text-white\">\r\n                        Atbild\u012bga ra\u017eo\u0161ana                    <\/h3>\r\n                    <p class=\"text-gray-500 dark:text-gray-400\">\r\n                        M\u0113s r\u016bp\u0113jamies par vidi, izmantojot ilgtsp\u0113j\u012bgus ra\u017eo\u0161anas procesus un videi draudz\u012bgus risin\u0101jumus, kas samazina m\u016bsu ietekmi uz plan\u0113tu.                    <\/p>\r\n                <\/div>\r\n                                \r\n            <\/div>\r\n                    <\/div>\r\n    <\/section>\r\n\r\n\n\n\r\n    <!-- Render in front -->\r\n\r\n    <section class=\"bg-white dark:bg-gray-900\"\r\n    >\r\n\r\n        <div class=\"gap-16 items-center py-8 px-4 mx-auto max-w-screen-xl lg:flex lg:py-16 lg:px-6            flex-row-reverse\">\r\n\r\n            <div class=\"lg:w-1\/2 font-light text-gray-500 sm:text-lg dark:text-gray-400\">\r\n\r\n                <h2 class=\"mb-4 text-4xl tracking-tight font-extrabold text-gray-900 dark:text-white\">\r\n                    Kas ir mikrolakt\u012bns?<sup><span class=\"font-normal\">\u00ae <\/span><\/sup> un k\u0101da tam ir ietekme?                <\/h2>\r\n                <div class=\"mb-4 format format-sm sm:format-base lg:format-lg format-blue dark:format-invert w-full max-w-none\">\r\n                    <p>Mikrolakt\u012bns<sup>\u00ae <\/sup> ir dab\u012bgs olbaltumvielu koncentr\u0101ts, kas ra\u017eots no govs piena. \u0160\u012b sast\u0101vda\u013ca ir ieg\u016bta no gov\u012bm, kas audz\u0113tas Jaunz\u0113land\u0113, paaudz\u0113m ilgi izol\u0113tas no visiem vides pies\u0101r\u0146ot\u0101jiem, neizmantojot antibiotikas, hormonus, z\u0101les vai citas \u0137\u012bmiskas vielas, un barotas tikai ar dab\u012bgu z\u0101li. Koncentr\u0101ts tiek ra\u017eots Amerikas Savienotaj\u0101s Valst\u012bs, kur MicroLactin<sup>\u00ae <\/sup> ir patent\u0113ts (patenta nr. 104-78-493). Produktam rakstur\u012bgs zems laktozes un tauku saturs, vienlaikus ar augstu olbaltumvielu koncentr\u0101ciju. Tas satur ar\u012b \u013coti koncentr\u0113tus dabiskos imunolo\u0123iskos faktorus, kas atrodami govs pien\u0101. Pateicoties \u0161\u012bm \u012bpa\u0161\u012bb\u0101m, MicroLactin<sup>\u00ae <\/sup> Tam ir pla\u0161a un efekt\u012bva pretiekaisuma iedarb\u012bba, efekt\u012bvi atbalstot loc\u012btavu, musku\u013cu vesel\u012bbu un dz\u012bvnieka organisma visp\u0101r\u0113jo imunit\u0101ti.<\/p>\n                <\/div>\r\n               \r\n                \r\n            <\/div>\r\n            <div class=\"lg:w-1\/2\">\r\n                                    <img decoding=\"async\" class=\"w-full rounded-lg\" src=\"https:\/\/vetpure.eu\/wp-content\/uploads\/2025\/06\/3_opakowania.png\" alt=\"\">\r\n                            <\/div>\r\n        <\/div>\r\n    <\/section>\r\n\r\n\n\n\r\n    <!-- Render in front -->\r\n\r\n    <section class=\"bg-white dark:bg-gray-900\">\r\n        <div class=\"py-8 px-4 mx-auto max-w-screen-xl sm:py-16 lg:px-6\">\r\n            <h2 class=\"mb-6 lg:mb-8 text-3xl lg:text-4xl tracking-tight font-extrabold text-center text-gray-900 dark:text-white\">\r\n                Bie\u017ei uzdotie jaut\u0101jumi            <\/h2>\r\n\r\n            <p class=\"mb-4 text-center text-gray-500 sm:text-xl dark:text-gray-400\">\r\n                Apskatiet visbie\u017e\u0101k uzdotos jaut\u0101jumus par ANIMALACTIN z\u012bmolu<sup>\u00ae <\/sup>!            <\/p>\r\n            \r\n                                    <div class=\"mx-auto max-w-screen-md\" x-data=\"Accordion({ opened: false })\">\r\n\r\n                <div \r\n                    class=\"text-lg\"\r\n                    :class=\"{'bg-white dark:bg-gray-900 text-gray-900 dark:text-white':  opened['1'] }\"\r\n                    x-on:click=\"toggle('1')\"\r\n                >\r\n                    <h2 >\r\n                        <button type=\"button\" class=\"flex justify-between items-center py-5 w-full font-medium text-left text-gray-900 bg-white border-b border-gray-200 dark:border-gray-700 dark:bg-gray-900 dark:text-white cursor-pointer\">\r\n                            <span>Kas at\u0161\u0137ir ANIMALACTIN uztura bag\u0101tin\u0101t\u0101jus no citiem?<sup>\u00ae <\/sup> no citiem tirg\u016b pieejamajiem uztura bag\u0101tin\u0101t\u0101jiem?<\/span>\r\n                            <svg  class=\"w-6 h-6 shrink-0\" :class=\"{'rotate-180': opened['1'] }\" fill=\"currentColor\" viewbox=\"0 0 20 20\" xmlns=\"http:\/\/www.w3.org\/2000\/svg\"><path fill-rule=\"evenodd\" d=\"M5.293 7.293a1 1 0 011.414 0L10 10.586l3.293-3.293a1 1 0 111.414 1.414l-4 4a1 1 0 01-1.414 0l-4-4a1 1 0 010-1.414z\" clip-rule=\"evenodd\"><\/path><\/svg>\r\n                        <\/button>\r\n                    <\/h2>\r\n                    <div x-show=\"opened['1']\" x-cloak x-collapse.duration.300ms class=\"py-5 border-b border-gray-200 dark:border-gray-700\">\r\n                        M\u016bsu uztura bag\u0101tin\u0101t\u0101ji galvenok\u0101rt at\u0161\u0137iras ar MicroLactin sast\u0101vda\u013cas kl\u0101tb\u016btni.<sup>\u00ae <\/sup>, patent\u0113ta akt\u012bv\u0101 viela ar zin\u0101tniski pier\u0101d\u012btu iedarb\u012bbu, kas atbalsta dz\u012bvnieku vesel\u012bbu da\u017e\u0101d\u0101s jom\u0101s. Visi ANIMALACTIN produkti<sup>\u00ae <\/sup> Tie satur MicroLactin\u00ae, padarot m\u016bsu uztura bag\u0101tin\u0101t\u0101jus \u012bpa\u0161i efekt\u012bvus sal\u012bdzin\u0101jum\u0101 ar konkurentiem. Papildu priek\u0161roc\u012bba ir \u0113rti lietojamais, gar\u0161\u012bgais PALASURANCE pulveris, ko var viegli lietot kop\u0101 ar bar\u012bbu vai \u016bdeni.                    <\/div>\r\n                    \r\n                <\/div> \r\n            <\/div>     \r\n                      \r\n                        <div class=\"mx-auto max-w-screen-md\" x-data=\"Accordion({ opened: false })\">\r\n\r\n                <div \r\n                    class=\"text-lg\"\r\n                    :class=\"{'bg-white dark:bg-gray-900 text-gray-900 dark:text-white':  opened['2'] }\"\r\n                    x-on:click=\"toggle('2')\"\r\n                >\r\n                    <h2 >\r\n                        <button type=\"button\" class=\"flex justify-between items-center py-5 w-full font-medium text-left text-gray-900 bg-white border-b border-gray-200 dark:border-gray-700 dark:bg-gray-900 dark:text-white cursor-pointer\">\r\n                            <span>Kur es varu ieg\u0101d\u0101ties ANIMALACTIN uztura bag\u0101tin\u0101t\u0101jus?<sup>\u00ae <\/sup>?<\/span>\r\n                            <svg  class=\"w-6 h-6 shrink-0\" :class=\"{'rotate-180': opened['2'] }\" fill=\"currentColor\" viewbox=\"0 0 20 20\" xmlns=\"http:\/\/www.w3.org\/2000\/svg\"><path fill-rule=\"evenodd\" d=\"M5.293 7.293a1 1 0 011.414 0L10 10.586l3.293-3.293a1 1 0 111.414 1.414l-4 4a1 1 0 01-1.414 0l-4-4a1 1 0 010-1.414z\" clip-rule=\"evenodd\"><\/path><\/svg>\r\n                        <\/button>\r\n                    <\/h2>\r\n                    <div x-show=\"opened['2']\" x-cloak x-collapse.duration.300ms class=\"py-5 border-b border-gray-200 dark:border-gray-700\">\r\n                        ANIMALACTIN uztura bag\u0101tin\u0101t\u0101ji<sup>\u00ae <\/sup> ir pieejami m\u016bsu ofici\u0101laj\u0101 interneta veikal\u0101 un Allegro.                    <\/div>\r\n                    \r\n                <\/div> \r\n            <\/div>     \r\n                      \r\n                        <div class=\"mx-auto max-w-screen-md\" x-data=\"Accordion({ opened: false })\">\r\n\r\n                <div \r\n                    class=\"text-lg\"\r\n                    :class=\"{'bg-white dark:bg-gray-900 text-gray-900 dark:text-white':  opened['3'] }\"\r\n                    x-on:click=\"toggle('3')\"\r\n                >\r\n                    <h2 >\r\n                        <button type=\"button\" class=\"flex justify-between items-center py-5 w-full font-medium text-left text-gray-900 bg-white border-b border-gray-200 dark:border-gray-700 dark:bg-gray-900 dark:text-white cursor-pointer\">\r\n                            <span>Vai ANIMALACTIN uztura bag\u0101tin\u0101t\u0101ji ir?<sup>\u00ae <\/sup> tiek test\u0113ti uz dz\u012bvniekiem?<\/span>\r\n                            <svg  class=\"w-6 h-6 shrink-0\" :class=\"{'rotate-180': opened['3'] }\" fill=\"currentColor\" viewbox=\"0 0 20 20\" xmlns=\"http:\/\/www.w3.org\/2000\/svg\"><path fill-rule=\"evenodd\" d=\"M5.293 7.293a1 1 0 011.414 0L10 10.586l3.293-3.293a1 1 0 111.414 1.414l-4 4a1 1 0 01-1.414 0l-4-4a1 1 0 010-1.414z\" clip-rule=\"evenodd\"><\/path><\/svg>\r\n                        <\/button>\r\n                    <\/h2>\r\n                    <div x-show=\"opened['3']\" x-cloak x-collapse.duration.300ms class=\"py-5 border-b border-gray-200 dark:border-gray-700\">\r\n                        N\u0113, Vet Pure SA netest\u0113 savus produktus uz dz\u012bvniekiem. M\u016bsu uztura bag\u0101tin\u0101t\u0101ji ir izstr\u0101d\u0101ti, \u0146emot v\u0113r\u0101 dz\u012bvnieku labtur\u012bbu, un to efektivit\u0101ti un dro\u0161\u012bbu apstiprina zin\u0101tniski p\u0113t\u012bjumi un laboratorijas testi.                    <\/div>\r\n                    \r\n                <\/div> \r\n            <\/div>     \r\n                      \r\n                    <\/div>  \r\n    <\/section>","protected":false},"excerpt":{"rendered":"","protected":false},"author":1,"featured_media":0,"parent":0,"menu_order":0,"comment_status":"closed","ping_status":"closed","template":"","meta":{"_acf_changed":false,"footnotes":""},"class_list":["post-234","page","type-page","status-publish","hentry"],"acf":[],"yoast_head":"<!-- This site is optimized with the Yoast SEO plugin v23.5 - https:\/\/yoast.com\/wordpress\/plugins\/seo\/ -->\n<title>Marki Vet Pure - VETPURE<\/title>\n<meta name=\"description\" content=\"Dowiedz si\u0119 wi\u0119cej o produktach marki Vet Pure \u2013 stworzonych z my\u015bl\u0105 o zdrowiu i dobrej kondycji zwierz\u0105t, opartych na starannie dobranych sk\u0142adnikach.\" \/>\n<meta name=\"robots\" content=\"index, follow, max-snippet:-1, max-image-preview:large, max-video-preview:-1\" \/>\n<link rel=\"canonical\" href=\"https:\/\/vetpure.eu\/lv\/marki\/\" \/>\n<meta property=\"og:locale\" content=\"lv_LV\" \/>\n<meta property=\"og:type\" content=\"article\" \/>\n<meta property=\"og:title\" content=\"Marki Vet Pure - VETPURE\" \/>\n<meta property=\"og:description\" content=\"Dowiedz si\u0119 wi\u0119cej o produktach marki Vet Pure \u2013 stworzonych z my\u015bl\u0105 o zdrowiu i dobrej kondycji zwierz\u0105t, opartych na starannie dobranych sk\u0142adnikach.\" \/>\n<meta property=\"og:url\" content=\"https:\/\/vetpure.eu\/lv\/marki\/\" \/>\n<meta property=\"og:site_name\" content=\"VETPURE\" \/>\n<meta property=\"article:modified_time\" content=\"2025-08-13T14:12:17+00:00\" \/>\n<meta name=\"twitter:card\" content=\"summary_large_image\" \/>\n<script type=\"application\/ld+json\" class=\"yoast-schema-graph\">{\"@context\":\"https:\/\/schema.org\",\"@graph\":[{\"@type\":\"WebPage\",\"@id\":\"https:\/\/vetpure.eu\/marki\/\",\"url\":\"https:\/\/vetpure.eu\/marki\/\",\"name\":\"Marki Vet Pure - VETPURE\",\"isPartOf\":{\"@id\":\"https:\/\/vetpure.eu\/#website\"},\"datePublished\":\"2025-02-22T18:13:20+00:00\",\"dateModified\":\"2025-08-13T14:12:17+00:00\",\"description\":\"Dowiedz si\u0119 wi\u0119cej o produktach marki Vet Pure \u2013 stworzonych z my\u015bl\u0105 o zdrowiu i dobrej kondycji zwierz\u0105t, opartych na starannie dobranych sk\u0142adnikach.\",\"breadcrumb\":{\"@id\":\"https:\/\/vetpure.eu\/marki\/#breadcrumb\"},\"inLanguage\":\"lv-LV\",\"potentialAction\":[{\"@type\":\"ReadAction\",\"target\":[\"https:\/\/vetpure.eu\/marki\/\"]}]},{\"@type\":\"BreadcrumbList\",\"@id\":\"https:\/\/vetpure.eu\/marki\/#breadcrumb\",\"itemListElement\":[{\"@type\":\"ListItem\",\"position\":1,\"name\":\"Home\",\"item\":\"https:\/\/vetpure.eu\/\"},{\"@type\":\"ListItem\",\"position\":2,\"name\":\"Marki\"}]},{\"@type\":\"WebSite\",\"@id\":\"https:\/\/vetpure.eu\/#website\",\"url\":\"https:\/\/vetpure.eu\/\",\"name\":\"VETPURE\",\"description\":\"\",\"potentialAction\":[{\"@type\":\"SearchAction\",\"target\":{\"@type\":\"EntryPoint\",\"urlTemplate\":\"https:\/\/vetpure.eu\/?s={search_term_string}\"},\"query-input\":{\"@type\":\"PropertyValueSpecification\",\"valueRequired\":true,\"valueName\":\"search_term_string\"}}],\"inLanguage\":\"lv-LV\"}]}<\/script>\n<!-- \/ Yoast SEO plugin. -->","yoast_head_json":{"title":"Marki Vet Pure - VETPURE","description":"Dowiedz si\u0119 wi\u0119cej o produktach marki Vet Pure \u2013 stworzonych z my\u015bl\u0105 o zdrowiu i dobrej kondycji zwierz\u0105t, opartych na starannie dobranych sk\u0142adnikach.","robots":{"index":"index","follow":"follow","max-snippet":"max-snippet:-1","max-image-preview":"max-image-preview:large","max-video-preview":"max-video-preview:-1"},"canonical":"https:\/\/vetpure.eu\/lv\/marki\/","og_locale":"lv_LV","og_type":"article","og_title":"Marki Vet Pure - VETPURE","og_description":"Dowiedz si\u0119 wi\u0119cej o produktach marki Vet Pure \u2013 stworzonych z my\u015bl\u0105 o zdrowiu i dobrej kondycji zwierz\u0105t, opartych na starannie dobranych sk\u0142adnikach.","og_url":"https:\/\/vetpure.eu\/lv\/marki\/","og_site_name":"VETPURE","article_modified_time":"2025-08-13T14:12:17+00:00","twitter_card":"summary_large_image","schema":{"@context":"https:\/\/schema.org","@graph":[{"@type":"WebPage","@id":"https:\/\/vetpure.eu\/marki\/","url":"https:\/\/vetpure.eu\/marki\/","name":"Marki Vet Pure - VETPURE","isPartOf":{"@id":"https:\/\/vetpure.eu\/#website"},"datePublished":"2025-02-22T18:13:20+00:00","dateModified":"2025-08-13T14:12:17+00:00","description":"Dowiedz si\u0119 wi\u0119cej o produktach marki Vet Pure \u2013 stworzonych z my\u015bl\u0105 o zdrowiu i dobrej kondycji zwierz\u0105t, opartych na starannie dobranych sk\u0142adnikach.","breadcrumb":{"@id":"https:\/\/vetpure.eu\/marki\/#breadcrumb"},"inLanguage":"lv-LV","potentialAction":[{"@type":"ReadAction","target":["https:\/\/vetpure.eu\/marki\/"]}]},{"@type":"BreadcrumbList","@id":"https:\/\/vetpure.eu\/marki\/#breadcrumb","itemListElement":[{"@type":"ListItem","position":1,"name":"Home","item":"https:\/\/vetpure.eu\/"},{"@type":"ListItem","position":2,"name":"Marki"}]},{"@type":"WebSite","@id":"https:\/\/vetpure.eu\/#website","url":"https:\/\/vetpure.eu\/","name":"VETPURE","description":"","potentialAction":[{"@type":"SearchAction","target":{"@type":"EntryPoint","urlTemplate":"https:\/\/vetpure.eu\/?s={search_term_string}"},"query-input":{"@type":"PropertyValueSpecification","valueRequired":true,"valueName":"search_term_string"}}],"inLanguage":"lv-LV"}]}},"_links":{"self":[{"href":"https:\/\/vetpure.eu\/lv\/wp-json\/wp\/v2\/pages\/234"}],"collection":[{"href":"https:\/\/vetpure.eu\/lv\/wp-json\/wp\/v2\/pages"}],"about":[{"href":"https:\/\/vetpure.eu\/lv\/wp-json\/wp\/v2\/types\/page"}],"author":[{"embeddable":true,"href":"https:\/\/vetpure.eu\/lv\/wp-json\/wp\/v2\/users\/1"}],"replies":[{"embeddable":true,"href":"https:\/\/vetpure.eu\/lv\/wp-json\/wp\/v2\/comments?post=234"}],"version-history":[{"count":21,"href":"https:\/\/vetpure.eu\/lv\/wp-json\/wp\/v2\/pages\/234\/revisions"}],"predecessor-version":[{"id":813,"href":"https:\/\/vetpure.eu\/lv\/wp-json\/wp\/v2\/pages\/234\/revisions\/813"}],"wp:attachment":[{"href":"https:\/\/vetpure.eu\/lv\/wp-json\/wp\/v2\/media?parent=234"}],"curies":[{"name":"wp","href":"https:\/\/api.w.org\/{rel}","templated":true}]}}